{"id":525,"date":"2022-12-22T10:23:01","date_gmt":"2022-12-22T10:23:01","guid":{"rendered":"https:\/\/breakfast-in-america.com\/?page_id=525"},"modified":"2025-07-30T08:21:30","modified_gmt":"2025-07-30T08:21:30","slug":"mentions-legales","status":"publish","type":"page","link":"https:\/\/breakfast-in-america.com\/fr\/mentions-legales\/","title":{"rendered":"Mentions l\u00e9gales"},"content":{"rendered":"\t\t<div data-elementor-type=\"wp-page\" data-elementor-id=\"525\" class=\"elementor elementor-525\" data-elementor-settings=\"{&quot;ha_cmc_init_switcher&quot;:&quot;no&quot;}\" data-elementor-post-type=\"page\">\n\t\t\t\t\t\t<section class=\"elementor-section elementor-top-section elementor-element elementor-element-278d9b2 elementor-section-boxed elementor-section-height-default elementor-section-height-default\" data-id=\"278d9b2\" data-element_type=\"section\" data-e-type=\"section\" data-settings=\"{&quot;background_background&quot;:&quot;classic&quot;,&quot;_ha_eqh_enable&quot;:false}\">\n\t\t\t\t\t\t<div class=\"elementor-container elementor-column-gap-default\">\n\t\t\t\t\t<div class=\"elementor-column elementor-col-100 elementor-top-column elementor-element elementor-element-7573fc9\" data-id=\"7573fc9\" data-element_type=\"column\" data-e-type=\"column\">\n\t\t\t<div class=\"elementor-widget-wrap elementor-element-populated\">\n\t\t\t\t\t\t<div class=\"elementor-element elementor-element-b8bf0e8 elementor-widget elementor-widget-heading\" data-id=\"b8bf0e8\" data-element_type=\"widget\" data-e-type=\"widget\" data-widget_type=\"heading.default\">\n\t\t\t\t\t<h2 class=\"elementor-heading-title elementor-size-default\">Mentions l\u00e9gales<\/h2>\t\t\t\t<\/div>\n\t\t\t\t<div class=\"elementor-element elementor-element-bded44e elementor-widget elementor-widget-text-editor\" data-id=\"bded44e\" data-element_type=\"widget\" data-e-type=\"widget\" data-widget_type=\"text-editor.default\">\n\t\t\t\t\t\t\t\t\t<p>Nous vous remercions de votre visite sur notre site www.breakfastinamerica.fr<br \/>En vertu de l&rsquo;article 6 de la loi 2004-575 du 21 juin 2004 pour la confiance dans l&rsquo;\u00e9conomie<br \/>num\u00e9rique, vous trouverez ci-dessous des informations sur l&rsquo;identit\u00e9 des diff\u00e9rents intervenants<br \/>impliqu\u00e9s dans la r\u00e9alisation et le suivi de notre site, ainsi que notre politique concernant le<br \/>traitement des donn\u00e9es personnelles que nous vous invitons \u00e0 lire attentivement.<br \/>En visitant notre site, vous acceptez les diff\u00e9rentes mentions ci-dessous.<\/p>\t\t\t\t\t\t\t\t<\/div>\n\t\t\t\t<div class=\"elementor-element elementor-element-d7668a0 elementor-widget elementor-widget-text-editor\" data-id=\"d7668a0\" data-element_type=\"widget\" data-e-type=\"widget\" data-widget_type=\"text-editor.default\">\n\t\t\t\t\t\t\t\t\t<p><strong>1. INFORMATIONS G\u00c9N\u00c9RALES<\/strong><\/p><p><span style=\"background-color: var( --e-global-color-9ff5908 ); color: var( --e-global-color-text ); font-family: var( --e-global-typography-text-font-family ), Sans-serif; font-size: 1rem; font-weight: var( --e-global-typography-text-font-weight );\">P<\/span><span style=\"background-color: var( --e-global-color-9ff5908 ); color: var( --e-global-color-text ); font-family: var( --e-global-typography-text-font-family ), Sans-serif; font-size: 1rem;\"><b>ropri\u00e9taire du site: Yoomy Food Group<\/b><\/span><span style=\"background-color: var( --e-global-color-9ff5908 ); color: var( --e-global-color-text ); font-family: var( --e-global-typography-text-font-family ), Sans-serif; font-size: 1rem; font-weight: var( --e-global-typography-text-font-weight );\"> SAS n\u00b0 SIREN 908362890\u2013 Paris, France<\/span><\/p><p><u>Si\u00e8ge social:<\/u> 18 rue B\u00e9ranger 75003 Paris<br \/><u>Cr\u00e9ateur du site: <\/u>Alexis Ucla<br \/><u>H\u00e9bergement:<\/u> OVH \u2013 2 rue Kellermann \u2013 59100 Roubaix \u2013 France.<br \/><u>Copyright :<\/u> Yoomy Food Group SAS<\/p>\t\t\t\t\t\t\t\t<\/div>\n\t\t\t\t<div class=\"elementor-element elementor-element-fcddfe2 elementor-widget elementor-widget-text-editor\" data-id=\"fcddfe2\" data-element_type=\"widget\" data-e-type=\"widget\" data-widget_type=\"text-editor.default\">\n\t\t\t\t\t\t\t\t\t<p><b>\u200d2. CONDITIONS G\u00c9N\u00c9RALES D\u2019UTILISATION DU SITE ET DES SERVICES PROPOS\u00c9S<\/b><br \/><br \/><br \/>\u200dL\u2019utilisation du site www.breakfastinamerica.fr implique l\u2019acceptation pleine et enti\u00e8re des<br \/>conditions g\u00e9n\u00e9rales d\u2019utilisation ci-apr\u00e8s d\u00e9crites. Ces conditions d\u2019utilisation sont susceptibles<br \/>d\u2019\u00eatre modifi\u00e9es ou compl\u00e9t\u00e9es \u00e0 tout moment, les utilisateurs du site www.breakfastinamerica.sont<br \/>donc invit\u00e9s \u00e0 les consulter de mani\u00e8re r\u00e9guli\u00e8re. Ce site est normalement accessible \u00e0 tout moment<br \/>aux utilisateurs. Une interruption pour raison de maintenance technique peut \u00eatre toutefois d\u00e9cid\u00e9e<br \/>par www.breakfastinamerica.fr, qui s\u2019efforcera alors de communiquer pr\u00e9alablement aux utilisateurs<br \/>les dates et heures de l\u2019intervention. Le site www.breakfastinamerica.fr est mis \u00e0 jour r\u00e9guli\u00e8rement<br \/>par Yoomy Food Group SAS. De la m\u00eame fa\u00e7on, les mentions l\u00e9gales peuvent \u00eatre modifi\u00e9es \u00e0 tout<br \/>moment : elles s\u2019imposent n\u00e9anmoins \u00e0 l\u2019utilisateur qui est invit\u00e9 \u00e0 s\u2019y r\u00e9f\u00e9rer le plus souvent<br \/>possible afin d\u2019en prendre connaissance.<\/p>\t\t\t\t\t\t\t\t<\/div>\n\t\t\t\t<div class=\"elementor-element elementor-element-22b3e60 elementor-widget elementor-widget-text-editor\" data-id=\"22b3e60\" data-element_type=\"widget\" data-e-type=\"widget\" data-widget_type=\"text-editor.default\">\n\t\t\t\t\t\t\t\t\t<strong>3. DESCRIPTION DES SERVICES FOURNIS<\/strong>\n<BR><BR>\n\u200dLe site www.breakfastinamerica.fr a pour objet de fournir une information concernant l\u2019ensemble\nl\u2019activit\u00e9 des restaurants Breakfast in America. Yoomy Food Group s\u2019efforce de fournir sur le site\nwww.breakfastinamerica.fr des informations aussi pr\u00e9cises que possible. Toutefois, il ne pourra \u00eatre\ntenue responsable des omissions, des inexactitudes et des carences dans la mise \u00e0 jour, qu\u2019elles\nsoient de son fait ou du fait des tiers partenaires qui lui fournissent ces informations. Toutes les\ninformations indiqu\u00e9es sur le site www.breakfastinamerica.fr sont donn\u00e9es \u00e0 titre indicatif, et sont\nsusceptibles d\u2019\u00e9voluer. Par ailleurs, les renseignements figurant sur le site\nwww.breakfastinamerica.fr ne sont pas exhaustifs. Ils sont donn\u00e9s sous r\u00e9serve de modifications\nayant \u00e9t\u00e9 apport\u00e9es depuis leur mise en ligne.\t\t\t\t\t\t\t\t<\/div>\n\t\t\t\t<div class=\"elementor-element elementor-element-e9c1695 elementor-widget elementor-widget-text-editor\" data-id=\"e9c1695\" data-element_type=\"widget\" data-e-type=\"widget\" data-widget_type=\"text-editor.default\">\n\t\t\t\t\t\t\t\t\t<b>4. LIMITATIONS CONTRACTUELLES SUR LES DONN\u00c9ES TECHNIQUES\n<\/b><br><br>\n\u200dLe site Internet ne pourra \u00eatre tenu responsable de dommages mat\u00e9riels li\u00e9s \u00e0 l\u2019utilisation du site. De\nplus, l\u2019utilisateur du site s\u2019engage \u00e0 acc\u00e9der au site en utilisant un mat\u00e9riel r\u00e9cent, ne contenant pas\nde virus et avec un navigateur de derni\u00e8re g\u00e9n\u00e9ration mis \u00e0 jour.\t\t\t\t\t\t\t\t<\/div>\n\t\t\t\t<div class=\"elementor-element elementor-element-6002b48 elementor-widget elementor-widget-text-editor\" data-id=\"6002b48\" data-element_type=\"widget\" data-e-type=\"widget\" data-widget_type=\"text-editor.default\">\n\t\t\t\t\t\t\t\t\t<strong>5.PROPRI\u00c9T\u00c9 INTELLECTUELLE ET CONTREFA\u00c7ONS<\/strong>\n<br><br>\n\u200dYoomy Food Group est propri\u00e9taire des droits de propri\u00e9t\u00e9 intellectuelle ou d\u00e9tient les droits d\u2019usage\nsur tous les \u00e9l\u00e9ments accessibles sur le site, notamment les textes, images, graphismes, logo, ic\u00f4nes,\nsons, logiciels. Toute reproduction, repr\u00e9sentation, modification, publication, adaptation de tout ou\npartie des \u00e9l\u00e9ments du site, quel que soit le moyen ou le proc\u00e9d\u00e9 utilis\u00e9, est interdite, sauf\nautorisation \u00e9crite pr\u00e9alable de Yoomy Food Group. Toute exploitation non autoris\u00e9e du site ou de\nl\u2019un quelconque des \u00e9l\u00e9ments qu\u2019il contient sera consid\u00e9r\u00e9e comme constitutive d\u2019une contrefa\u00e7on\net poursuivie conform\u00e9ment aux dispositions des articles L.335-2 et suivants du Code de Propri\u00e9t\u00e9\nIntellectuelle.\t\t\t\t\t\t\t\t<\/div>\n\t\t\t\t<div class=\"elementor-element elementor-element-28f465d elementor-widget elementor-widget-text-editor\" data-id=\"28f465d\" data-element_type=\"widget\" data-e-type=\"widget\" data-widget_type=\"text-editor.default\">\n\t\t\t\t\t\t\t\t\t<strong>6. LIMITATIONS DE RESPONSABILIT\u00c9<\/strong> <br><br>\n\u200dYoomy Food Group, \u00e9diteur du site, ne pourra \u00eatre tenue responsable des dommages directs et\nindirects caus\u00e9s au mat\u00e9riel de l\u2019utilisateur, lors de l\u2019acc\u00e8s au site www.breakfastinamerica.fr, et\nr\u00e9sultant soit de l\u2019utilisation d\u2019un mat\u00e9riel ne r\u00e9pondant pas aux sp\u00e9cifications indiqu\u00e9es au point 4,\nsoit de l\u2019apparition d\u2019un bug ou d\u2019une incompatibilit\u00e9. Yoomy Food Group ne pourra \u00e9galement \u00eatre\ntenue responsable des dommages indirects (tels par exemple qu\u2019une perte de march\u00e9 ou perte d\u2019une\nchance) cons\u00e9cutifs \u00e0 l\u2019utilisation du site www.breakfastinamerica.fr. Des espaces interactifs sont \u00e0\nla disposition des utilisateurs (contact, presse, franchise..). Yoomy Food Group se r\u00e9serve le droit de\nsupprimer, sans mise en demeure pr\u00e9alable, tout contenu d\u00e9pos\u00e9 dans cet espace qui\ncontreviendrait \u00e0 la l\u00e9gislation applicable en France, en particulier aux dispositions relatives \u00e0 la\nprotection des donn\u00e9es. Le cas \u00e9ch\u00e9ant, Yoomy Food Group se r\u00e9serve \u00e9galement la possibilit\u00e9 de\nmettre en cause la responsabilit\u00e9 civile et\/ou p\u00e9nale de l\u2019utilisateur, notamment en cas de message \u00e0\ncaract\u00e8re raciste, injurieux, diffamant, ou pornographique, quel que soit le support utilis\u00e9 (texte,\nphotographie\u2026).\t\t\t\t\t\t\t\t<\/div>\n\t\t\t\t<div class=\"elementor-element elementor-element-f29374b elementor-widget elementor-widget-text-editor\" data-id=\"f29374b\" data-element_type=\"widget\" data-e-type=\"widget\" data-widget_type=\"text-editor.default\">\n\t\t\t\t\t\t\t\t\t<strong>\u200d7. GESTION DES DONN\u00c9ES<\/strong>\n<br><br>\n7.1 Gestion des donn\u00e9es personnelles.<br><br>\nEn tant que responsable du traitement des donn\u00e9es qu\u2019il collecte, www.breakfastinamerica.fr\ns\u2019engage \u00e0 respecter le cadre des dispositions l\u00e9gales en vigueur. Il lui appartient notamment\nd\u2019\u00e9tablir les finalit\u00e9s de ses traitements de donn\u00e9es, de fournir \u00e0 ses prospects et clients, \u00e0 partir de\nla collecte de leurs consentements, une information compl\u00e8te sur le traitement de leurs donn\u00e9es\npersonnelles et de maintenir un registre des traitements conforme \u00e0 la r\u00e9alit\u00e9. Chaque fois que\nwww.breakfastinamerica.fr traite des Donn\u00e9es Personnelles, www.breakfastinamerica.fr prend\ntoutes les mesures raisonnables pour s\u2019assurer de l\u2019exactitude et de la pertinence des Donn\u00e9es\nPersonnelles au regard des finalit\u00e9s pour lesquelles www.breakfastinamerica.fr les traite.<br><br>\n7.2 Finalit\u00e9 des donn\u00e9es collect\u00e9es. <br><br>\n\n\nwww.breakfastinamerica.fr est susceptible de traiter tout ou partie des donn\u00e9es :<br><br>\n&#8211; pour permettre la navigation sur le Site et la gestion et la tra\u00e7abilit\u00e9 des prestations et\nservices command\u00e9s par l\u2019utilisateur : donn\u00e9es de connexion et d\u2019utilisation du Site,\nfacturation, historique des commandes, etc.<br><br>\n&#8211; pour pr\u00e9venir et lutter contre la fraude informatique (spamming, hacking\u2026) : mat\u00e9riel\ninformatique utilis\u00e9 pour la navigation, l\u2019adresse IP, le mot de passe (hash\u00e9)<br><br>\n\n&#8211; pour am\u00e9liorer la navigation sur le Site : donn\u00e9es de connexion et d\u2019utilisation<br><br>\n\n&#8211; pour mener des enqu\u00eates de satisfaction facultatives sur www.breakfastinamerica.fr adresse\nemail<br><br>\n\n&#8211; pour mener des campagnes de communication (sms, mail) : num\u00e9ro de t\u00e9l\u00e9phone, adresse\nemail<br><br>\n\nwww.breakfastinamerica.fr ne commercialise pas vos donn\u00e9es personnelles qui sont donc\nuniquement utilis\u00e9es par n\u00e9cessit\u00e9 ou \u00e0 des fins statistiques et d\u2019analyses.\t\t\t\t\t\t\t\t<\/div>\n\t\t\t\t<div class=\"elementor-element elementor-element-34825c2 elementor-widget elementor-widget-text-editor\" data-id=\"34825c2\" data-element_type=\"widget\" data-e-type=\"widget\" data-widget_type=\"text-editor.default\">\n\t\t\t\t\t\t\t\t\t<strong>8. LIENS HYPERTEXTES ET COOKIES<\/strong>\n<br><br>\n\u200dLe site www.breakfastinamerica.fr contient un certain nombre de liens hypertextes vers d\u2019autres\nsites, mis en place avec l\u2019autorisation de Yoomy Food Group. Cependant, Yoomy Food Group n\u2019a pas\nla possibilit\u00e9 de v\u00e9rifier le contenu des sites ainsi visit\u00e9s, et n\u2019assumera en cons\u00e9quence aucune\nresponsabilit\u00e9 de ce fait. La navigation sur le www.breakfastinamerica.fr est susceptible de\nprovoquer l\u2019installation de cookie(s) sur l\u2019ordinateur de l\u2019utilisateur. Un cookie est un fichier de petite\ntaille, qui ne permet pas l\u2019identification de l\u2019utilisateur, mais qui enregistre des informations relatives\n\u00e0 la navigation d\u2019un ordinateur sur un site. Les donn\u00e9es ainsi obtenues visent \u00e0 faciliter la navigation\nult\u00e9rieure sur le site, et ont \u00e9galement vocation \u00e0 permettre diverses mesures de fr\u00e9quentation. Le\nrefus d\u2019installation d\u2019un cookie peut entra\u00eener l\u2019impossibilit\u00e9 d\u2019acc\u00e9der \u00e0 certains services.\nL\u2019utilisateur peut toutefois configurer son ordinateur de la mani\u00e8re suivante, pour refuser\nl\u2019installation des cookies :<br><br>\n&#8211; Sous Internet Explorer : onglet outil\/options internet. Cliquez sur Confidentialit\u00e9 et choisissez\nBloquer tous les cookies. Validez sur Ok.<br><br>\n&#8211; Sous Netscape : onglet \u00e9dition\/pr\u00e9f\u00e9rences. Cliquez sur Avanc\u00e9es et choisissez D\u00e9sactiver les\ncookies. Validez sur Ok.\t\t\t\t\t\t\t\t<\/div>\n\t\t\t\t<div class=\"elementor-element elementor-element-94b0ff7 elementor-widget elementor-widget-text-editor\" data-id=\"94b0ff7\" data-element_type=\"widget\" data-e-type=\"widget\" data-widget_type=\"text-editor.default\">\n\t\t\t\t\t\t\t\t\t<strong>9. DROIT APPLICABLE ET ATTRIBUTION DE JURIDICTION<\/strong>\n<br><br>\n\u200dTout litige en relation avec l\u2019utilisation du site www.breakfastinamerica.fr est soumis au droit\nfran\u00e7ais. Il est fait attribution exclusive de juridiction aux tribunaux comp\u00e9tents de Paris.\t\t\t\t\t\t\t\t<\/div>\n\t\t\t\t\t<\/div>\n\t\t<\/div>\n\t\t\t\t\t<\/div>\n\t\t<\/section>\n\t\t\t\t<\/div>\n\t\t","protected":false},"excerpt":{"rendered":"<p>Mentions l\u00e9gales Nous vous remercions de votre visite sur notre site www.breakfastinamerica.frEn vertu de l&rsquo;article 6 de la loi 2004-575 du 21 juin 2004 pour la confiance dans l&rsquo;\u00e9conomienum\u00e9rique, vous trouverez ci-dessous des informations sur l&rsquo;identit\u00e9 des diff\u00e9rents intervenantsimpliqu\u00e9s dans la r\u00e9alisation et le suivi de notre site, ainsi que notre politique concernant letraitement des [&hellip;]<\/p>\n","protected":false},"author":1,"featured_media":0,"parent":0,"menu_order":0,"comment_status":"closed","ping_status":"closed","template":"","meta":{"_acf_changed":false,"footnotes":""},"class_list":["post-525","page","type-page","status-publish","hentry"],"acf":[],"yoast_head":"<!-- This site is optimized with the Yoast SEO plugin v27.3 - https:\/\/yoast.com\/product\/yoast-seo-wordpress\/ -->\n<title>Mentions l\u00e9gales - Breakfast in America<\/title>\n<meta name=\"robots\" content=\"index, follow, max-snippet:-1, max-image-preview:large, max-video-preview:-1\" \/>\n<link rel=\"canonical\" href=\"https:\/\/breakfast-in-america.com\/fr\/mentions-legales\/\" \/>\n<meta property=\"og:locale\" content=\"fr_FR\" \/>\n<meta property=\"og:type\" content=\"article\" \/>\n<meta property=\"og:title\" content=\"Mentions l\u00e9gales - Breakfast in America\" \/>\n<meta property=\"og:description\" content=\"Mentions l\u00e9gales Nous vous remercions de votre visite sur notre site www.breakfastinamerica.frEn vertu de l&rsquo;article 6 de la loi 2004-575 du 21 juin 2004 pour la confiance dans l&rsquo;\u00e9conomienum\u00e9rique, vous trouverez ci-dessous des informations sur l&rsquo;identit\u00e9 des diff\u00e9rents intervenantsimpliqu\u00e9s dans la r\u00e9alisation et le suivi de notre site, ainsi que notre politique concernant letraitement des [&hellip;]\" \/>\n<meta property=\"og:url\" content=\"https:\/\/breakfast-in-america.com\/fr\/mentions-legales\/\" \/>\n<meta property=\"og:site_name\" content=\"Breakfast in America\" \/>\n<meta property=\"article:modified_time\" content=\"2025-07-30T08:21:30+00:00\" \/>\n<meta name=\"twitter:card\" content=\"summary_large_image\" \/>\n<meta name=\"twitter:label1\" content=\"Dur\u00e9e de lecture estim\u00e9e\" \/>\n\t<meta name=\"twitter:data1\" content=\"6 minutes\" \/>\n<script type=\"application\/ld+json\" class=\"yoast-schema-graph\">{\"@context\":\"https:\\\/\\\/schema.org\",\"@graph\":[{\"@type\":\"WebPage\",\"@id\":\"https:\\\/\\\/breakfast-in-america.com\\\/mentions-legales\\\/\",\"url\":\"https:\\\/\\\/breakfast-in-america.com\\\/mentions-legales\\\/\",\"name\":\"Mentions l\u00e9gales - Breakfast in America\",\"isPartOf\":{\"@id\":\"https:\\\/\\\/breakfast-in-america.com\\\/#website\"},\"datePublished\":\"2022-12-22T10:23:01+00:00\",\"dateModified\":\"2025-07-30T08:21:30+00:00\",\"breadcrumb\":{\"@id\":\"https:\\\/\\\/breakfast-in-america.com\\\/mentions-legales\\\/#breadcrumb\"},\"inLanguage\":\"fr-FR\",\"potentialAction\":[{\"@type\":\"ReadAction\",\"target\":[\"https:\\\/\\\/breakfast-in-america.com\\\/mentions-legales\\\/\"]}]},{\"@type\":\"BreadcrumbList\",\"@id\":\"https:\\\/\\\/breakfast-in-america.com\\\/mentions-legales\\\/#breadcrumb\",\"itemListElement\":[{\"@type\":\"ListItem\",\"position\":1,\"name\":\"Home\",\"item\":\"https:\\\/\\\/breakfast-in-america.com\\\/fr\\\/\"},{\"@type\":\"ListItem\",\"position\":2,\"name\":\"Mentions l\u00e9gales\"}]},{\"@type\":\"WebSite\",\"@id\":\"https:\\\/\\\/breakfast-in-america.com\\\/#website\",\"url\":\"https:\\\/\\\/breakfast-in-america.com\\\/\",\"name\":\"Breakfast in America\",\"description\":\"DINER AM\u00c9RICAIN AUTHENTIQUE A PARIS\",\"publisher\":{\"@id\":\"https:\\\/\\\/breakfast-in-america.com\\\/#organization\"},\"potentialAction\":[{\"@type\":\"SearchAction\",\"target\":{\"@type\":\"EntryPoint\",\"urlTemplate\":\"https:\\\/\\\/breakfast-in-america.com\\\/?s={search_term_string}\"},\"query-input\":{\"@type\":\"PropertyValueSpecification\",\"valueRequired\":true,\"valueName\":\"search_term_string\"}}],\"inLanguage\":\"fr-FR\"},{\"@type\":\"Organization\",\"@id\":\"https:\\\/\\\/breakfast-in-america.com\\\/#organization\",\"name\":\"Breakfast in America\",\"url\":\"https:\\\/\\\/breakfast-in-america.com\\\/\",\"logo\":{\"@type\":\"ImageObject\",\"inLanguage\":\"fr-FR\",\"@id\":\"https:\\\/\\\/breakfast-in-america.com\\\/#\\\/schema\\\/logo\\\/image\\\/\",\"url\":\"\",\"contentUrl\":\"\",\"caption\":\"Breakfast in America\"},\"image\":{\"@id\":\"https:\\\/\\\/breakfast-in-america.com\\\/#\\\/schema\\\/logo\\\/image\\\/\"}}]}<\/script>\n<!-- \/ Yoast SEO plugin. -->","yoast_head_json":{"title":"Mentions l\u00e9gales - Breakfast in America","robots":{"index":"index","follow":"follow","max-snippet":"max-snippet:-1","max-image-preview":"max-image-preview:large","max-video-preview":"max-video-preview:-1"},"canonical":"https:\/\/breakfast-in-america.com\/fr\/mentions-legales\/","og_locale":"fr_FR","og_type":"article","og_title":"Mentions l\u00e9gales - Breakfast in America","og_description":"Mentions l\u00e9gales Nous vous remercions de votre visite sur notre site www.breakfastinamerica.frEn vertu de l&rsquo;article 6 de la loi 2004-575 du 21 juin 2004 pour la confiance dans l&rsquo;\u00e9conomienum\u00e9rique, vous trouverez ci-dessous des informations sur l&rsquo;identit\u00e9 des diff\u00e9rents intervenantsimpliqu\u00e9s dans la r\u00e9alisation et le suivi de notre site, ainsi que notre politique concernant letraitement des [&hellip;]","og_url":"https:\/\/breakfast-in-america.com\/fr\/mentions-legales\/","og_site_name":"Breakfast in America","article_modified_time":"2025-07-30T08:21:30+00:00","twitter_card":"summary_large_image","twitter_misc":{"Dur\u00e9e de lecture estim\u00e9e":"6 minutes"},"schema":{"@context":"https:\/\/schema.org","@graph":[{"@type":"WebPage","@id":"https:\/\/breakfast-in-america.com\/mentions-legales\/","url":"https:\/\/breakfast-in-america.com\/mentions-legales\/","name":"Mentions l\u00e9gales - Breakfast in America","isPartOf":{"@id":"https:\/\/breakfast-in-america.com\/#website"},"datePublished":"2022-12-22T10:23:01+00:00","dateModified":"2025-07-30T08:21:30+00:00","breadcrumb":{"@id":"https:\/\/breakfast-in-america.com\/mentions-legales\/#breadcrumb"},"inLanguage":"fr-FR","potentialAction":[{"@type":"ReadAction","target":["https:\/\/breakfast-in-america.com\/mentions-legales\/"]}]},{"@type":"BreadcrumbList","@id":"https:\/\/breakfast-in-america.com\/mentions-legales\/#breadcrumb","itemListElement":[{"@type":"ListItem","position":1,"name":"Home","item":"https:\/\/breakfast-in-america.com\/fr\/"},{"@type":"ListItem","position":2,"name":"Mentions l\u00e9gales"}]},{"@type":"WebSite","@id":"https:\/\/breakfast-in-america.com\/#website","url":"https:\/\/breakfast-in-america.com\/","name":"Breakfast in America","description":"DINER AM\u00c9RICAIN AUTHENTIQUE A PARIS","publisher":{"@id":"https:\/\/breakfast-in-america.com\/#organization"},"potentialAction":[{"@type":"SearchAction","target":{"@type":"EntryPoint","urlTemplate":"https:\/\/breakfast-in-america.com\/?s={search_term_string}"},"query-input":{"@type":"PropertyValueSpecification","valueRequired":true,"valueName":"search_term_string"}}],"inLanguage":"fr-FR"},{"@type":"Organization","@id":"https:\/\/breakfast-in-america.com\/#organization","name":"Breakfast in America","url":"https:\/\/breakfast-in-america.com\/","logo":{"@type":"ImageObject","inLanguage":"fr-FR","@id":"https:\/\/breakfast-in-america.com\/#\/schema\/logo\/image\/","url":"","contentUrl":"","caption":"Breakfast in America"},"image":{"@id":"https:\/\/breakfast-in-america.com\/#\/schema\/logo\/image\/"}}]}},"_links":{"self":[{"href":"https:\/\/breakfast-in-america.com\/fr\/wp-json\/wp\/v2\/pages\/525","targetHints":{"allow":["GET"]}}],"collection":[{"href":"https:\/\/breakfast-in-america.com\/fr\/wp-json\/wp\/v2\/pages"}],"about":[{"href":"https:\/\/breakfast-in-america.com\/fr\/wp-json\/wp\/v2\/types\/page"}],"author":[{"embeddable":true,"href":"https:\/\/breakfast-in-america.com\/fr\/wp-json\/wp\/v2\/users\/1"}],"replies":[{"embeddable":true,"href":"https:\/\/breakfast-in-america.com\/fr\/wp-json\/wp\/v2\/comments?post=525"}],"version-history":[{"count":196,"href":"https:\/\/breakfast-in-america.com\/fr\/wp-json\/wp\/v2\/pages\/525\/revisions"}],"predecessor-version":[{"id":20546,"href":"https:\/\/breakfast-in-america.com\/fr\/wp-json\/wp\/v2\/pages\/525\/revisions\/20546"}],"wp:attachment":[{"href":"https:\/\/breakfast-in-america.com\/fr\/wp-json\/wp\/v2\/media?parent=525"}],"curies":[{"name":"wp","href":"https:\/\/api.w.org\/{rel}","templated":true}]}}