{"id":16217,"date":"2024-10-08T12:30:31","date_gmt":"2024-10-08T12:30:31","guid":{"rendered":"https:\/\/breakfast-in-america.com\/?page_id=16217"},"modified":"2024-10-08T12:58:37","modified_gmt":"2024-10-08T12:58:37","slug":"page-redirection","status":"publish","type":"page","link":"https:\/\/breakfast-in-america.com\/fr\/page-redirection\/","title":{"rendered":"Page redirection"},"content":{"rendered":"\t\t<div data-elementor-type=\"wp-page\" data-elementor-id=\"16217\" class=\"elementor elementor-16217\" data-elementor-settings=\"{&quot;ha_cmc_init_switcher&quot;:&quot;no&quot;}\" data-elementor-post-type=\"page\">\n\t\t\t\t<div class=\"elementor-element elementor-element-3c051ac e-flex e-con-boxed e-con e-parent\" data-id=\"3c051ac\" data-element_type=\"container\" data-e-type=\"container\" data-settings=\"{&quot;background_background&quot;:&quot;classic&quot;,&quot;_ha_eqh_enable&quot;:false}\">\n\t\t\t\t\t<div class=\"e-con-inner\">\n\t\t\t\t<div class=\"elementor-element elementor-element-808afdc elementor-view-default elementor-invisible elementor-widget elementor-widget-icon\" data-id=\"808afdc\" data-element_type=\"widget\" data-e-type=\"widget\" data-settings=\"{&quot;_animation&quot;:&quot;zoomIn&quot;}\" data-widget_type=\"icon.default\">\n\t\t\t\t\t\t\t<div class=\"elementor-icon-wrapper\">\n\t\t\t<div class=\"elementor-icon\">\n\t\t\t<svg aria-hidden=\"true\" class=\"e-font-icon-svg e-fas-check-circle\" viewBox=\"0 0 512 512\" xmlns=\"http:\/\/www.w3.org\/2000\/svg\"><path d=\"M504 256c0 136.967-111.033 248-248 248S8 392.967 8 256 119.033 8 256 8s248 111.033 248 248zM227.314 387.314l184-184c6.248-6.248 6.248-16.379 0-22.627l-22.627-22.627c-6.248-6.249-16.379-6.249-22.628 0L216 308.118l-70.059-70.059c-6.248-6.248-16.379-6.248-22.628 0l-22.627 22.627c-6.248 6.248-6.248 16.379 0 22.627l104 104c6.249 6.249 16.379 6.249 22.628.001z\"><\/path><\/svg>\t\t\t<\/div>\n\t\t<\/div>\n\t\t\t\t\t\t<\/div>\n\t\t\t\t<div class=\"elementor-element elementor-element-77d6602 elementor-widget elementor-widget-heading\" data-id=\"77d6602\" data-element_type=\"widget\" data-e-type=\"widget\" data-widget_type=\"heading.default\">\n\t\t\t\t\t<h2 class=\"elementor-heading-title elementor-size-default\">Merci pour votre message<\/h2>\t\t\t\t<\/div>\n\t\t\t\t<div class=\"elementor-element elementor-element-7f50242 elementor-widget elementor-widget-text-editor\" data-id=\"7f50242\" data-element_type=\"widget\" data-e-type=\"widget\" data-widget_type=\"text-editor.default\">\n\t\t\t\t\t\t\t\t\t<p>Votre demande a bien \u00e9t\u00e9 prise en compte. Nous reviendrons vers vous dans les meilleurs d\u00e9lais.<\/p>\t\t\t\t\t\t\t\t<\/div>\n\t\t\t\t<div class=\"elementor-element elementor-element-12f8476 elementor-align-center elementor-widget elementor-widget-button\" data-id=\"12f8476\" data-element_type=\"widget\" data-e-type=\"widget\" data-widget_type=\"button.default\">\n\t\t\t\t\t\t\t\t\t\t<a class=\"elementor-button elementor-button-link elementor-size-sm\" href=\"https:\/\/breakfast-in-america.com\">\n\t\t\t\t\t\t<span class=\"elementor-button-content-wrapper\">\n\t\t\t\t\t\t\t\t\t<span class=\"elementor-button-text\">Retourner \u00e0 la page d'accueil<\/span>\n\t\t\t\t\t<\/span>\n\t\t\t\t\t<\/a>\n\t\t\t\t\t\t\t\t<\/div>\n\t\t\t\t<div class=\"elementor-element elementor-element-e3fd059 elementor-widget elementor-widget-button\" data-id=\"e3fd059\" data-element_type=\"widget\" data-e-type=\"widget\" data-widget_type=\"button.default\">\n\t\t\t\t\t\t\t\t\t\t<a class=\"elementor-button elementor-button-link elementor-size-sm\" href=\"#\">\n\t\t\t\t\t\t<span class=\"elementor-button-content-wrapper\">\n\t\t\t\t\t\t\t\t\t<span class=\"elementor-button-text\">Cliquez ici<\/span>\n\t\t\t\t\t<\/span>\n\t\t\t\t\t<\/a>\n\t\t\t\t\t\t\t\t<\/div>\n\t\t\t\t\t<\/div>\n\t\t\t\t<\/div>\n\t\t\t\t<\/div>\n\t\t","protected":false},"excerpt":{"rendered":"<p>Merci pour votre message Votre demande a bien \u00e9t\u00e9 prise en compte. Nous reviendrons vers vous dans les meilleurs d\u00e9lais. Retourner \u00e0 la page d&rsquo;accueil Cliquez ici<\/p>\n","protected":false},"author":1,"featured_media":0,"parent":0,"menu_order":0,"comment_status":"closed","ping_status":"closed","template":"","meta":{"_acf_changed":false,"footnotes":""},"class_list":["post-16217","page","type-page","status-publish","hentry"],"acf":[],"yoast_head":"<!-- This site is optimized with the Yoast SEO plugin v27.4 - https:\/\/yoast.com\/product\/yoast-seo-wordpress\/ -->\n<title>Page redirection - Breakfast in America<\/title>\n<meta name=\"robots\" content=\"index, follow, max-snippet:-1, max-image-preview:large, max-video-preview:-1\" \/>\n<link rel=\"canonical\" href=\"https:\/\/breakfast-in-america.com\/fr\/page-redirection\/\" \/>\n<meta property=\"og:locale\" content=\"fr_FR\" \/>\n<meta property=\"og:type\" content=\"article\" \/>\n<meta property=\"og:title\" content=\"Page redirection - Breakfast in America\" \/>\n<meta property=\"og:description\" content=\"Merci pour votre message Votre demande a bien \u00e9t\u00e9 prise en compte. Nous reviendrons vers vous dans les meilleurs d\u00e9lais. Retourner \u00e0 la page d&rsquo;accueil Cliquez ici\" \/>\n<meta property=\"og:url\" content=\"https:\/\/breakfast-in-america.com\/fr\/page-redirection\/\" \/>\n<meta property=\"og:site_name\" content=\"Breakfast in America\" \/>\n<meta property=\"article:modified_time\" content=\"2024-10-08T12:58:37+00:00\" \/>\n<meta name=\"twitter:card\" content=\"summary_large_image\" \/>\n<meta name=\"twitter:label1\" content=\"Dur\u00e9e de lecture estim\u00e9e\" \/>\n\t<meta name=\"twitter:data1\" content=\"1 minute\" \/>\n<script type=\"application\/ld+json\" class=\"yoast-schema-graph\">{\"@context\":\"https:\\\/\\\/schema.org\",\"@graph\":[{\"@type\":\"WebPage\",\"@id\":\"https:\\\/\\\/breakfast-in-america.com\\\/page-redirection\\\/\",\"url\":\"https:\\\/\\\/breakfast-in-america.com\\\/page-redirection\\\/\",\"name\":\"Page redirection - Breakfast in America\",\"isPartOf\":{\"@id\":\"https:\\\/\\\/breakfast-in-america.com\\\/#website\"},\"datePublished\":\"2024-10-08T12:30:31+00:00\",\"dateModified\":\"2024-10-08T12:58:37+00:00\",\"breadcrumb\":{\"@id\":\"https:\\\/\\\/breakfast-in-america.com\\\/page-redirection\\\/#breadcrumb\"},\"inLanguage\":\"fr-FR\",\"potentialAction\":[{\"@type\":\"ReadAction\",\"target\":[\"https:\\\/\\\/breakfast-in-america.com\\\/page-redirection\\\/\"]}]},{\"@type\":\"BreadcrumbList\",\"@id\":\"https:\\\/\\\/breakfast-in-america.com\\\/page-redirection\\\/#breadcrumb\",\"itemListElement\":[{\"@type\":\"ListItem\",\"position\":1,\"name\":\"Home\",\"item\":\"https:\\\/\\\/breakfast-in-america.com\\\/fr\\\/\"},{\"@type\":\"ListItem\",\"position\":2,\"name\":\"Page redirection\"}]},{\"@type\":\"WebSite\",\"@id\":\"https:\\\/\\\/breakfast-in-america.com\\\/#website\",\"url\":\"https:\\\/\\\/breakfast-in-america.com\\\/\",\"name\":\"Breakfast in America\",\"description\":\"DINER AM\u00c9RICAIN AUTHENTIQUE A PARIS\",\"publisher\":{\"@id\":\"https:\\\/\\\/breakfast-in-america.com\\\/#organization\"},\"potentialAction\":[{\"@type\":\"SearchAction\",\"target\":{\"@type\":\"EntryPoint\",\"urlTemplate\":\"https:\\\/\\\/breakfast-in-america.com\\\/?s={search_term_string}\"},\"query-input\":{\"@type\":\"PropertyValueSpecification\",\"valueRequired\":true,\"valueName\":\"search_term_string\"}}],\"inLanguage\":\"fr-FR\"},{\"@type\":\"Organization\",\"@id\":\"https:\\\/\\\/breakfast-in-america.com\\\/#organization\",\"name\":\"Breakfast in America\",\"url\":\"https:\\\/\\\/breakfast-in-america.com\\\/\",\"logo\":{\"@type\":\"ImageObject\",\"inLanguage\":\"fr-FR\",\"@id\":\"https:\\\/\\\/breakfast-in-america.com\\\/#\\\/schema\\\/logo\\\/image\\\/\",\"url\":\"\",\"contentUrl\":\"\",\"caption\":\"Breakfast in America\"},\"image\":{\"@id\":\"https:\\\/\\\/breakfast-in-america.com\\\/#\\\/schema\\\/logo\\\/image\\\/\"}}]}<\/script>\n<!-- \/ Yoast SEO plugin. -->","yoast_head_json":{"title":"Page redirection - Breakfast in America","robots":{"index":"index","follow":"follow","max-snippet":"max-snippet:-1","max-image-preview":"max-image-preview:large","max-video-preview":"max-video-preview:-1"},"canonical":"https:\/\/breakfast-in-america.com\/fr\/page-redirection\/","og_locale":"fr_FR","og_type":"article","og_title":"Page redirection - Breakfast in America","og_description":"Merci pour votre message Votre demande a bien \u00e9t\u00e9 prise en compte. Nous reviendrons vers vous dans les meilleurs d\u00e9lais. Retourner \u00e0 la page d&rsquo;accueil Cliquez ici","og_url":"https:\/\/breakfast-in-america.com\/fr\/page-redirection\/","og_site_name":"Breakfast in America","article_modified_time":"2024-10-08T12:58:37+00:00","twitter_card":"summary_large_image","twitter_misc":{"Dur\u00e9e de lecture estim\u00e9e":"1 minute"},"schema":{"@context":"https:\/\/schema.org","@graph":[{"@type":"WebPage","@id":"https:\/\/breakfast-in-america.com\/page-redirection\/","url":"https:\/\/breakfast-in-america.com\/page-redirection\/","name":"Page redirection - Breakfast in America","isPartOf":{"@id":"https:\/\/breakfast-in-america.com\/#website"},"datePublished":"2024-10-08T12:30:31+00:00","dateModified":"2024-10-08T12:58:37+00:00","breadcrumb":{"@id":"https:\/\/breakfast-in-america.com\/page-redirection\/#breadcrumb"},"inLanguage":"fr-FR","potentialAction":[{"@type":"ReadAction","target":["https:\/\/breakfast-in-america.com\/page-redirection\/"]}]},{"@type":"BreadcrumbList","@id":"https:\/\/breakfast-in-america.com\/page-redirection\/#breadcrumb","itemListElement":[{"@type":"ListItem","position":1,"name":"Home","item":"https:\/\/breakfast-in-america.com\/fr\/"},{"@type":"ListItem","position":2,"name":"Page redirection"}]},{"@type":"WebSite","@id":"https:\/\/breakfast-in-america.com\/#website","url":"https:\/\/breakfast-in-america.com\/","name":"Breakfast in America","description":"DINER AM\u00c9RICAIN AUTHENTIQUE A PARIS","publisher":{"@id":"https:\/\/breakfast-in-america.com\/#organization"},"potentialAction":[{"@type":"SearchAction","target":{"@type":"EntryPoint","urlTemplate":"https:\/\/breakfast-in-america.com\/?s={search_term_string}"},"query-input":{"@type":"PropertyValueSpecification","valueRequired":true,"valueName":"search_term_string"}}],"inLanguage":"fr-FR"},{"@type":"Organization","@id":"https:\/\/breakfast-in-america.com\/#organization","name":"Breakfast in America","url":"https:\/\/breakfast-in-america.com\/","logo":{"@type":"ImageObject","inLanguage":"fr-FR","@id":"https:\/\/breakfast-in-america.com\/#\/schema\/logo\/image\/","url":"","contentUrl":"","caption":"Breakfast in America"},"image":{"@id":"https:\/\/breakfast-in-america.com\/#\/schema\/logo\/image\/"}}]}},"_links":{"self":[{"href":"https:\/\/breakfast-in-america.com\/fr\/wp-json\/wp\/v2\/pages\/16217","targetHints":{"allow":["GET"]}}],"collection":[{"href":"https:\/\/breakfast-in-america.com\/fr\/wp-json\/wp\/v2\/pages"}],"about":[{"href":"https:\/\/breakfast-in-america.com\/fr\/wp-json\/wp\/v2\/types\/page"}],"author":[{"embeddable":true,"href":"https:\/\/breakfast-in-america.com\/fr\/wp-json\/wp\/v2\/users\/1"}],"replies":[{"embeddable":true,"href":"https:\/\/breakfast-in-america.com\/fr\/wp-json\/wp\/v2\/comments?post=16217"}],"version-history":[{"count":43,"href":"https:\/\/breakfast-in-america.com\/fr\/wp-json\/wp\/v2\/pages\/16217\/revisions"}],"predecessor-version":[{"id":16270,"href":"https:\/\/breakfast-in-america.com\/fr\/wp-json\/wp\/v2\/pages\/16217\/revisions\/16270"}],"wp:attachment":[{"href":"https:\/\/breakfast-in-america.com\/fr\/wp-json\/wp\/v2\/media?parent=16217"}],"curies":[{"name":"wp","href":"https:\/\/api.w.org\/{rel}","templated":true}]}}