{"id":17036,"date":"2024-11-06T15:26:53","date_gmt":"2024-11-06T15:26:53","guid":{"rendered":"https:\/\/breakfast-in-america.com\/?page_id=17036"},"modified":"2025-09-25T08:41:04","modified_gmt":"2025-09-25T08:41:04","slug":"breakfast-in-america-champs-elysees","status":"publish","type":"page","link":"https:\/\/breakfast-in-america.com\/en\/breakfast-in-america-champs-elysees\/","title":{"rendered":"Breakfast in America Champs-Elysees"},"content":{"rendered":"<div data-elementor-type=\"wp-page\" data-elementor-id=\"17036\" class=\"elementor elementor-17036\" data-elementor-settings=\"{&quot;ha_cmc_init_switcher&quot;:&quot;no&quot;}\" data-elementor-post-type=\"page\">\n\t\t\t\t<div class=\"elementor-element elementor-element-75f54680 e-con-full e-flex e-con e-parent\" data-id=\"75f54680\" data-element_type=\"container\" data-e-type=\"container\" data-settings=\"{&quot;background_background&quot;:&quot;classic&quot;,&quot;_ha_eqh_enable&quot;:false}\">\n\t\t<div class=\"elementor-element elementor-element-24cf80f5 e-flex e-con-boxed e-con e-child\" data-id=\"24cf80f5\" data-element_type=\"container\" data-e-type=\"container\" data-settings=\"{&quot;_ha_eqh_enable&quot;:false}\">\n\t\t\t\t\t<div class=\"e-con-inner\">\n\t\t\t\t<div class=\"elementor-element elementor-element-68f3d2d animated-slow elementor-invisible elementor-widget elementor-widget-heading\" data-id=\"68f3d2d\" data-element_type=\"widget\" data-e-type=\"widget\" data-settings=\"{&quot;_animation&quot;:&quot;slideInUp&quot;}\" data-widget_type=\"heading.default\">\n\t\t\t\t\t<h2 class=\"elementor-heading-title elementor-size-default\">Breakfast in America <\/h2>\t\t\t\t<\/div>\n\t\t\t\t<div class=\"elementor-element elementor-element-5a6b754 animated-slow elementor-invisible elementor-widget elementor-widget-heading\" data-id=\"5a6b754\" data-element_type=\"widget\" data-e-type=\"widget\" data-settings=\"{&quot;_animation&quot;:&quot;slideInUp&quot;}\" data-widget_type=\"heading.default\">\n\t\t\t\t\t<h2 class=\"elementor-heading-title elementor-size-default\">Champs-Elys\u00e9es<\/h2>\t\t\t\t<\/div>\n\t\t\t\t\t<\/div>\n\t\t\t\t<\/div>\n\t\t<div class=\"elementor-element elementor-element-5d2e3e08 e-con-full e-flex e-con e-child\" data-id=\"5d2e3e08\" data-element_type=\"container\" data-e-type=\"container\" data-settings=\"{&quot;_ha_eqh_enable&quot;:false}\">\n\t\t<div class=\"elementor-element elementor-element-5ad91d6d animated-slow e-con-full e-flex elementor-invisible e-con e-child\" data-id=\"5ad91d6d\" data-element_type=\"container\" data-e-type=\"container\" data-settings=\"{&quot;background_background&quot;:&quot;classic&quot;,&quot;animation&quot;:&quot;fadeInUp&quot;,&quot;animation_delay&quot;:600,&quot;_ha_eqh_enable&quot;:false}\">\n\t\t\t\t<\/div>\n\t\t<div class=\"elementor-element elementor-element-422198ca e-con-full e-flex e-con e-child\" data-id=\"422198ca\" data-element_type=\"container\" data-e-type=\"container\" data-settings=\"{&quot;_ha_eqh_enable&quot;:false}\">\n\t\t<div class=\"elementor-element elementor-element-6bfbd2db e-flex e-con-boxed e-con e-child\" data-id=\"6bfbd2db\" data-element_type=\"container\" data-e-type=\"container\" data-settings=\"{&quot;_ha_eqh_enable&quot;:false}\">\n\t\t\t\t\t<div class=\"e-con-inner\">\n\t\t\t\t<div class=\"elementor-element elementor-element-2b25785c elementor-widget elementor-widget-text-editor\" data-id=\"2b25785c\" data-element_type=\"widget\" data-e-type=\"widget\" data-widget_type=\"text-editor.default\">\n\t\t\t\t\t\t\t\t\t<p class=\"translation-block\">Breakfast in America \u201cChamps-\u00c9lys\u00e9es\u201d is an authentic American diner located just off the Champs-\u00c9lys\u00e9es in the 8th arrondissement of Paris. Open every day, it offers a wide variety of typically American dishes for breakfast, brunch, lunch and dinner.<\/p>\t\t\t\t\t\t\t\t<\/div>\n\t\t<div class=\"elementor-element elementor-element-636d1861 e-flex e-con-boxed e-con e-child\" data-id=\"636d1861\" data-element_type=\"container\" data-e-type=\"container\" data-settings=\"{&quot;_ha_eqh_enable&quot;:false}\">\n\t\t\t\t\t<div class=\"e-con-inner\">\n\t\t\t\t<div class=\"elementor-element elementor-element-32045f1d elementor-widget__width-auto elementor-mobile-align-left elementor-widget-mobile__width-inherit elementor-align-left elementor-widget elementor-widget-button\" data-id=\"32045f1d\" data-element_type=\"widget\" data-e-type=\"widget\" data-widget_type=\"button.default\">\n\t\t\t\t\t\t\t\t\t\t<a class=\"elementor-button elementor-button-link elementor-size-sm\" href=\"https:\/\/widget.thefork.com\/d32937d3-3255-4b11-9e73-8a4ea7f06022\">\n\t\t\t\t\t\t<span class=\"elementor-button-content-wrapper\">\n\t\t\t\t\t\t\t\t\t<span class=\"elementor-button-text\">Booking<\/span>\n\t\t\t\t\t<\/span>\n\t\t\t\t\t<\/a>\n\t\t\t\t\t\t\t\t<\/div>\n\t\t\t\t<div class=\"elementor-element elementor-element-77e9f808 elementor-widget__width-auto elementor-mobile-align-left elementor-widget-mobile__width-inherit elementor-align-left elementor-widget elementor-widget-button\" data-id=\"77e9f808\" data-element_type=\"widget\" data-e-type=\"widget\" data-widget_type=\"button.default\">\n\t\t\t\t\t\t\t\t\t\t<a class=\"elementor-button elementor-button-link elementor-size-sm\" href=\"https:\/\/breakfast-in-america.com\/en\/privatisation\/\">\n\t\t\t\t\t\t<span class=\"elementor-button-content-wrapper\">\n\t\t\t\t\t\t\t\t\t<span class=\"elementor-button-text\">Privatize<\/span>\n\t\t\t\t\t<\/span>\n\t\t\t\t\t<\/a>\n\t\t\t\t\t\t\t\t<\/div>\n\t\t\t\t<div class=\"elementor-element elementor-element-0be61e1 elementor-widget__width-auto elementor-mobile-align-left elementor-widget-mobile__width-inherit elementor-align-left elementor-widget elementor-widget-button\" data-id=\"0be61e1\" data-element_type=\"widget\" data-e-type=\"widget\" data-widget_type=\"button.default\">\n\t\t\t\t\t\t\t\t\t\t<a class=\"elementor-button elementor-button-link elementor-size-sm\" href=\"https:\/\/breakfast-in-america.bonkdo.com\/en\/?country=\u00aeion=&amp;department=&amp;agency=7583\">\n\t\t\t\t\t\t<span class=\"elementor-button-content-wrapper\">\n\t\t\t\t\t\t\t\t\t<span class=\"elementor-button-text\">Offer<\/span>\n\t\t\t\t\t<\/span>\n\t\t\t\t\t<\/a>\n\t\t\t\t\t\t\t\t<\/div>\n\t\t\t\t\t<\/div>\n\t\t\t\t<\/div>\n\t\t\t\t\t<\/div>\n\t\t\t\t<\/div>\n\t\t<div class=\"elementor-element elementor-element-87aea60 e-con-full e-flex e-con e-child\" data-id=\"87aea60\" data-element_type=\"container\" data-e-type=\"container\" data-settings=\"{&quot;_ha_eqh_enable&quot;:false}\">\n\t\t\t\t<div class=\"elementor-element elementor-element-5aed3ace elementor-widget__width-initial elementor-widget-mobile__width-inherit elementor-icon-list--layout-traditional elementor-list-item-link-full_width elementor-widget elementor-widget-icon-list\" data-id=\"5aed3ace\" data-element_type=\"widget\" data-e-type=\"widget\" data-widget_type=\"icon-list.default\">\n\t\t\t\t\t\t\t<ul class=\"elementor-icon-list-items\">\n\t\t\t\t\t\t\t<li class=\"elementor-icon-list-item\">\n\t\t\t\t\t\t\t\t\t\t\t<span class=\"elementor-icon-list-icon\">\n\t\t\t\t\t\t\t<svg aria-hidden=\"true\" class=\"e-font-icon-svg e-fas-check\" viewbox=\"0 0 512 512\" xmlns=\"http:\/\/www.w3.org\/2000\/svg\"><path d=\"M173.898 439.404l-166.4-166.4c-9.997-9.997-9.997-26.206 0-36.204l36.203-36.204c9.997-9.998 26.207-9.998 36.204 0L192 312.69 432.095 72.596c9.997-9.997 26.207-9.997 36.204 0l36.203 36.204c9.997 9.997 9.997 26.206 0 36.204l-294.4 294.401c-9.998 9.997-26.207 9.997-36.204-.001z\"><\/path><\/svg>\t\t\t\t\t\t<\/span>\n\t\t\t\t\t\t\t\t\t\t<span class=\"elementor-icon-list-text\">LGBTQ+ FRIENDLY<\/span>\n\t\t\t\t\t\t\t\t\t<\/li>\n\t\t\t\t\t\t\t\t<li class=\"elementor-icon-list-item\">\n\t\t\t\t\t\t\t\t\t\t\t<span class=\"elementor-icon-list-icon\">\n\t\t\t\t\t\t\t<svg aria-hidden=\"true\" class=\"e-font-icon-svg e-fas-check\" viewbox=\"0 0 512 512\" xmlns=\"http:\/\/www.w3.org\/2000\/svg\"><path d=\"M173.898 439.404l-166.4-166.4c-9.997-9.997-9.997-26.206 0-36.204l36.203-36.204c9.997-9.998 26.207-9.998 36.204 0L192 312.69 432.095 72.596c9.997-9.997 26.207-9.997 36.204 0l36.203 36.204c9.997 9.997 9.997 26.206 0 36.204l-294.4 294.401c-9.998 9.997-26.207 9.997-36.204-.001z\"><\/path><\/svg>\t\t\t\t\t\t<\/span>\n\t\t\t\t\t\t\t\t\t\t<span class=\"elementor-icon-list-text\">Group reservations<\/span>\n\t\t\t\t\t\t\t\t\t<\/li>\n\t\t\t\t\t\t<\/ul>\n\t\t\t\t\t\t<\/div>\n\t\t\t\t<div class=\"elementor-element elementor-element-542b8078 elementor-widget__width-inherit elementor-widget-mobile__width-inherit elementor-icon-list--layout-traditional elementor-list-item-link-full_width elementor-widget elementor-widget-icon-list\" data-id=\"542b8078\" data-element_type=\"widget\" data-e-type=\"widget\" data-widget_type=\"icon-list.default\">\n\t\t\t\t\t\t\t<ul class=\"elementor-icon-list-items\">\n\t\t\t\t\t\t\t<li class=\"elementor-icon-list-item\">\n\t\t\t\t\t\t\t\t\t\t\t<a href=\"https:\/\/deliveroo.fr\/fr\/menu\/paris\/paris-8eme-faubourg-saint-honore\/breakfast-in-america-champs-elysees\">\n\n\t\t\t\t\t\t\t\t\t\t\t\t<span class=\"elementor-icon-list-icon\">\n\t\t\t\t\t\t\t<svg aria-hidden=\"true\" class=\"e-font-icon-svg e-fas-check\" viewbox=\"0 0 512 512\" xmlns=\"http:\/\/www.w3.org\/2000\/svg\"><path d=\"M173.898 439.404l-166.4-166.4c-9.997-9.997-9.997-26.206 0-36.204l36.203-36.204c9.997-9.998 26.207-9.998 36.204 0L192 312.69 432.095 72.596c9.997-9.997 26.207-9.997 36.204 0l36.203 36.204c9.997 9.997 9.997 26.206 0 36.204l-294.4 294.401c-9.998 9.997-26.207 9.997-36.204-.001z\"><\/path><\/svg>\t\t\t\t\t\t<\/span>\n\t\t\t\t\t\t\t\t\t\t<span class=\"elementor-icon-list-text\"><span class=\"link\">Click and collect \/ home delivery<\/span><\/span>\n\t\t\t\t\t\t\t\t\t\t\t<\/a>\n\t\t\t\t\t\t\t\t\t<\/li>\n\t\t\t\t\t\t\t\t<li class=\"elementor-icon-list-item\">\n\t\t\t\t\t\t\t\t\t\t\t<a href=\"https:\/\/breakfast-in-america.com\/en\/privatisation\/\">\n\n\t\t\t\t\t\t\t\t\t\t\t\t<span class=\"elementor-icon-list-icon\">\n\t\t\t\t\t\t\t<svg aria-hidden=\"true\" class=\"e-font-icon-svg e-fas-check\" viewbox=\"0 0 512 512\" xmlns=\"http:\/\/www.w3.org\/2000\/svg\"><path d=\"M173.898 439.404l-166.4-166.4c-9.997-9.997-9.997-26.206 0-36.204l36.203-36.204c9.997-9.998 26.207-9.998 36.204 0L192 312.69 432.095 72.596c9.997-9.997 26.207-9.997 36.204 0l36.203 36.204c9.997 9.997 9.997 26.206 0 36.204l-294.4 294.401c-9.998 9.997-26.207 9.997-36.204-.001z\"><\/path><\/svg>\t\t\t\t\t\t<\/span>\n\t\t\t\t\t\t\t\t\t\t<span class=\"elementor-icon-list-text\">Privatization<\/span>\n\t\t\t\t\t\t\t\t\t\t\t<\/a>\n\t\t\t\t\t\t\t\t\t<\/li>\n\t\t\t\t\t\t<\/ul>\n\t\t\t\t\t\t<\/div>\n\t\t\t\t<\/div>\n\t\t<div class=\"elementor-element elementor-element-6f3eae58 e-con-full e-flex e-con e-child\" data-id=\"6f3eae58\" data-element_type=\"container\" data-e-type=\"container\" data-settings=\"{&quot;_ha_eqh_enable&quot;:false}\">\n\t\t\t\t<div class=\"elementor-element elementor-element-628e1ff0 elementor-widget__width-initial elementor-widget-mobile__width-inherit elementor-widget elementor-widget-icon-box\" data-id=\"628e1ff0\" data-element_type=\"widget\" data-e-type=\"widget\" data-widget_type=\"icon-box.default\">\n\t\t\t\t\t\t\t<div class=\"elementor-icon-box-wrapper\">\n\n\t\t\t\n\t\t\t\t\t\t<div class=\"elementor-icon-box-content\">\n\n\t\t\t\t\t\t\t\t\t<h3 class=\"elementor-icon-box-title\">\n\t\t\t\t\t\t<span  >\n\t\t\t\t\t\t\tItinerary\t\t\t\t\t\t<\/span>\n\t\t\t\t\t<\/h3>\n\t\t\t\t\n\t\t\t\t\t\t\t\t\t<p class=\"elementor-icon-box-description\">\n\t\t\t\t\t\t 2 Rue Saint-Philippe <br>du Roule, 75008 Paris\t\t\t\t\t<\/p>\n\t\t\t\t\n\t\t\t<\/div>\n\t\t\t\n\t\t<\/div>\n\t\t\t\t\t\t<\/div>\n\t\t\t\t<div class=\"elementor-element elementor-element-6438caf8 elementor-widget__width-initial elementor-widget-mobile__width-inherit elementor-widget elementor-widget-icon-box\" data-id=\"6438caf8\" data-element_type=\"widget\" data-e-type=\"widget\" data-widget_type=\"icon-box.default\">\n\t\t\t\t\t\t\t<div class=\"elementor-icon-box-wrapper\">\n\n\t\t\t\n\t\t\t\t\t\t<div class=\"elementor-icon-box-content\">\n\n\t\t\t\t\t\t\t\t\t<h3 class=\"elementor-icon-box-title\">\n\t\t\t\t\t\t<span  >\n\t\t\t\t\t\t\tSchedule\t\t\t\t\t\t<\/span>\n\t\t\t\t\t<\/h3>\n\t\t\t\t\n\t\t\t\t\t\t\t\t\t<p class=\"elementor-icon-box-description\">\n\t\t\t\t\t\tOPEN 7\/7<br> Starting at 8.30 am <br>\nMonday - Friday until 3pm\nSaturday- Sunday until 4pm\t\t\t\t\t<\/p>\n\t\t\t\t\n\t\t\t<\/div>\n\t\t\t\n\t\t<\/div>\n\t\t\t\t\t\t<\/div>\n\t\t\t\t<div class=\"elementor-element elementor-element-6964b692 elementor-widget__width-initial elementor-widget-mobile__width-inherit elementor-widget elementor-widget-icon-box\" data-id=\"6964b692\" data-element_type=\"widget\" data-e-type=\"widget\" data-widget_type=\"icon-box.default\">\n\t\t\t\t\t\t\t<div class=\"elementor-icon-box-wrapper\">\n\n\t\t\t\n\t\t\t\t\t\t<div class=\"elementor-icon-box-content\">\n\n\t\t\t\t\t\t\t\t\t<h3 class=\"elementor-icon-box-title\">\n\t\t\t\t\t\t<span  >\n\t\t\t\t\t\t\tContact\t\t\t\t\t\t<\/span>\n\t\t\t\t\t<\/h3>\n\t\t\t\t\n\t\t\t\t\t\t\t\t\t<p class=\"elementor-icon-box-description\">\n\t\t\t\t\t\t01 40 75 01 25<br>hello@breakfast-in-america.com\t\t\t\t\t<\/p>\n\t\t\t\t\n\t\t\t<\/div>\n\t\t\t\n\t\t<\/div>\n\t\t\t\t\t\t<\/div>\n\t\t\t\t<\/div>\n\t\t\t\t<\/div>\n\t\t\t\t<\/div>\n\t\t\t\t<\/div>\n\t\t<div class=\"elementor-element elementor-element-32193e84 e-con-full e-flex e-con e-parent\" data-id=\"32193e84\" data-element_type=\"container\" data-e-type=\"container\" data-settings=\"{&quot;background_background&quot;:&quot;classic&quot;,&quot;animation&quot;:&quot;none&quot;,&quot;_ha_eqh_enable&quot;:false}\">\n\t\t\t\t<div class=\"elementor-element elementor-element-19cb28f8 elementor-widget elementor-widget-google_maps\" data-id=\"19cb28f8\" data-element_type=\"widget\" data-e-type=\"widget\" data-widget_type=\"google_maps.default\">\n\t\t\t\t\t\t\t<div class=\"elementor-custom-embed\">\n\t\t\t<iframe loading=\"lazy\"\n\t\t\t\t\tsrc=\"https:\/\/maps.google.com\/maps?q=%202%20Rue%20Saint-Philippe%20du%20Roule%2C%2075008%20Paris&#038;t=m&#038;z=14&#038;output=embed&#038;iwloc=near\"\n\t\t\t\t\ttitle=\" 2 Rue Saint-Philippe du Roule, 75008 Paris\"\n\t\t\t\t\taria-label=\" 2 Rue Saint-Philippe du Roule, 75008 Paris\"\n\t\t\t><\/iframe>\n\t\t<\/div>\n\t\t\t\t\t\t<\/div>\n\t\t\t\t<\/div>\n\t\t\t\t<\/div>","protected":false},"excerpt":{"rendered":"<p>Breakfast in America Champs-Elys\u00e9es Le restaurant Breakfast in America \u00a0\u00bbChamps-\u00c9lys\u00e9es\u00a0\u00bb est un authentique diner am\u00e9ricain situ\u00e9 \u00e0 proximit\u00e9 des Champs-\u00c9lys\u00e9es dans le 8eme arrondissement de Paris. Ouvert tous les jours, il propose une large vari\u00e9t\u00e9 de plats typiquement am\u00e9ricains pour le petit-d\u00e9jeuner, le brunch, le d\u00e9jeuner et le d\u00eener. R\u00e9server Privatiser Offrir LGBTQ+ FRIENDLY Reservation [&hellip;]<\/p>\n","protected":false},"author":1,"featured_media":17026,"parent":0,"menu_order":0,"comment_status":"closed","ping_status":"closed","template":"elementor_theme","meta":{"_acf_changed":false,"footnotes":""},"class_list":["post-17036","page","type-page","status-publish","has-post-thumbnail","hentry"],"acf":[],"yoast_head":"<!-- This site is optimized with the Yoast SEO plugin v27.3 - https:\/\/yoast.com\/product\/yoast-seo-wordpress\/ -->\n<title>Breakfast in America Champs-Elysees<\/title>\n<meta name=\"description\" content=\"Un diner am\u00e9ricain typique dans le quartier des Champs-Elys\u00e9es \u00e0 Paris 8\u00e8me. D\u00e9gustez de d\u00e9licieux hamburgers, des pancakes dans une v\u00e9ritable ambiance am\u00e9ricaine.\" \/>\n<meta name=\"robots\" content=\"index, follow, max-snippet:-1, max-image-preview:large, max-video-preview:-1\" \/>\n<link rel=\"canonical\" href=\"https:\/\/breakfast-in-america.com\/en\/breakfast-in-america-champs-elysees\/\" \/>\n<meta property=\"og:locale\" content=\"en_US\" \/>\n<meta property=\"og:type\" content=\"article\" \/>\n<meta property=\"og:title\" content=\"Breakfast in America Champs-Elysees\" \/>\n<meta property=\"og:description\" content=\"Un diner am\u00e9ricain typique dans le quartier des Champs-Elys\u00e9es \u00e0 Paris 8\u00e8me. D\u00e9gustez de d\u00e9licieux hamburgers, des pancakes dans une v\u00e9ritable ambiance am\u00e9ricaine.\" \/>\n<meta property=\"og:url\" content=\"https:\/\/breakfast-in-america.com\/en\/breakfast-in-america-champs-elysees\/\" \/>\n<meta property=\"og:site_name\" content=\"Breakfast in America\" \/>\n<meta property=\"article:modified_time\" content=\"2025-09-25T08:41:04+00:00\" \/>\n<meta property=\"og:image\" content=\"https:\/\/breakfast-in-america.com\/wp-content\/uploads\/2024\/11\/breakfast-in-america-champs-Elysees.jpg\" \/>\n\t<meta property=\"og:image:width\" content=\"1500\" \/>\n\t<meta property=\"og:image:height\" content=\"2000\" \/>\n\t<meta property=\"og:image:type\" content=\"image\/jpeg\" \/>\n<meta name=\"twitter:card\" content=\"summary_large_image\" \/>\n<meta name=\"twitter:label1\" content=\"Est. reading time\" \/>\n\t<meta name=\"twitter:data1\" content=\"1 minute\" \/>\n<script type=\"application\/ld+json\" class=\"yoast-schema-graph\">{\"@context\":\"https:\\\/\\\/schema.org\",\"@graph\":[{\"@type\":\"WebPage\",\"@id\":\"https:\\\/\\\/breakfast-in-america.com\\\/breakfast-in-america-champs-elysees\\\/\",\"url\":\"https:\\\/\\\/breakfast-in-america.com\\\/breakfast-in-america-champs-elysees\\\/\",\"name\":\"Breakfast in America Champs-Elysees\",\"isPartOf\":{\"@id\":\"https:\\\/\\\/breakfast-in-america.com\\\/#website\"},\"primaryImageOfPage\":{\"@id\":\"https:\\\/\\\/breakfast-in-america.com\\\/breakfast-in-america-champs-elysees\\\/#primaryimage\"},\"image\":{\"@id\":\"https:\\\/\\\/breakfast-in-america.com\\\/breakfast-in-america-champs-elysees\\\/#primaryimage\"},\"thumbnailUrl\":\"https:\\\/\\\/breakfast-in-america.com\\\/wp-content\\\/uploads\\\/2024\\\/11\\\/breakfast-in-america-champs-Elysees.jpg\",\"datePublished\":\"2024-11-06T15:26:53+00:00\",\"dateModified\":\"2025-09-25T08:41:04+00:00\",\"description\":\"Un diner am\u00e9ricain typique dans le quartier des Champs-Elys\u00e9es \u00e0 Paris 8\u00e8me. D\u00e9gustez de d\u00e9licieux hamburgers, des pancakes dans une v\u00e9ritable ambiance am\u00e9ricaine.\",\"breadcrumb\":{\"@id\":\"https:\\\/\\\/breakfast-in-america.com\\\/breakfast-in-america-champs-elysees\\\/#breadcrumb\"},\"inLanguage\":\"en-US\",\"potentialAction\":[{\"@type\":\"ReadAction\",\"target\":[\"https:\\\/\\\/breakfast-in-america.com\\\/breakfast-in-america-champs-elysees\\\/\"]}]},{\"@type\":\"ImageObject\",\"inLanguage\":\"en-US\",\"@id\":\"https:\\\/\\\/breakfast-in-america.com\\\/breakfast-in-america-champs-elysees\\\/#primaryimage\",\"url\":\"https:\\\/\\\/breakfast-in-america.com\\\/wp-content\\\/uploads\\\/2024\\\/11\\\/breakfast-in-america-champs-Elysees.jpg\",\"contentUrl\":\"https:\\\/\\\/breakfast-in-america.com\\\/wp-content\\\/uploads\\\/2024\\\/11\\\/breakfast-in-america-champs-Elysees.jpg\",\"width\":1500,\"height\":2000},{\"@type\":\"BreadcrumbList\",\"@id\":\"https:\\\/\\\/breakfast-in-america.com\\\/breakfast-in-america-champs-elysees\\\/#breadcrumb\",\"itemListElement\":[{\"@type\":\"ListItem\",\"position\":1,\"name\":\"Home\",\"item\":\"https:\\\/\\\/breakfast-in-america.com\\\/fr\\\/\"},{\"@type\":\"ListItem\",\"position\":2,\"name\":\"Breakfast in America Champs-Elysees\"}]},{\"@type\":\"WebSite\",\"@id\":\"https:\\\/\\\/breakfast-in-america.com\\\/#website\",\"url\":\"https:\\\/\\\/breakfast-in-america.com\\\/\",\"name\":\"Breakfast in America\",\"description\":\"DINER AM\u00c9RICAIN AUTHENTIQUE A PARIS\",\"publisher\":{\"@id\":\"https:\\\/\\\/breakfast-in-america.com\\\/#organization\"},\"potentialAction\":[{\"@type\":\"SearchAction\",\"target\":{\"@type\":\"EntryPoint\",\"urlTemplate\":\"https:\\\/\\\/breakfast-in-america.com\\\/?s={search_term_string}\"},\"query-input\":{\"@type\":\"PropertyValueSpecification\",\"valueRequired\":true,\"valueName\":\"search_term_string\"}}],\"inLanguage\":\"en-US\"},{\"@type\":\"Organization\",\"@id\":\"https:\\\/\\\/breakfast-in-america.com\\\/#organization\",\"name\":\"Breakfast in America\",\"url\":\"https:\\\/\\\/breakfast-in-america.com\\\/\",\"logo\":{\"@type\":\"ImageObject\",\"inLanguage\":\"en-US\",\"@id\":\"https:\\\/\\\/breakfast-in-america.com\\\/#\\\/schema\\\/logo\\\/image\\\/\",\"url\":\"\",\"contentUrl\":\"\",\"caption\":\"Breakfast in America\"},\"image\":{\"@id\":\"https:\\\/\\\/breakfast-in-america.com\\\/#\\\/schema\\\/logo\\\/image\\\/\"}}]}<\/script>\n<!-- \/ Yoast SEO plugin. -->","yoast_head_json":{"title":"Breakfast in America Champs-Elysees","description":"Un diner am\u00e9ricain typique dans le quartier des Champs-Elys\u00e9es \u00e0 Paris 8\u00e8me. D\u00e9gustez de d\u00e9licieux hamburgers, des pancakes dans une v\u00e9ritable ambiance am\u00e9ricaine.","robots":{"index":"index","follow":"follow","max-snippet":"max-snippet:-1","max-image-preview":"max-image-preview:large","max-video-preview":"max-video-preview:-1"},"canonical":"https:\/\/breakfast-in-america.com\/en\/breakfast-in-america-champs-elysees\/","og_locale":"en_US","og_type":"article","og_title":"Breakfast in America Champs-Elysees","og_description":"Un diner am\u00e9ricain typique dans le quartier des Champs-Elys\u00e9es \u00e0 Paris 8\u00e8me. D\u00e9gustez de d\u00e9licieux hamburgers, des pancakes dans une v\u00e9ritable ambiance am\u00e9ricaine.","og_url":"https:\/\/breakfast-in-america.com\/en\/breakfast-in-america-champs-elysees\/","og_site_name":"Breakfast in America","article_modified_time":"2025-09-25T08:41:04+00:00","og_image":[{"width":1500,"height":2000,"url":"https:\/\/breakfast-in-america.com\/wp-content\/uploads\/2024\/11\/breakfast-in-america-champs-Elysees.jpg","type":"image\/jpeg"}],"twitter_card":"summary_large_image","twitter_misc":{"Est. reading time":"1 minute"},"schema":{"@context":"https:\/\/schema.org","@graph":[{"@type":"WebPage","@id":"https:\/\/breakfast-in-america.com\/breakfast-in-america-champs-elysees\/","url":"https:\/\/breakfast-in-america.com\/breakfast-in-america-champs-elysees\/","name":"Breakfast in America Champs-Elysees","isPartOf":{"@id":"https:\/\/breakfast-in-america.com\/#website"},"primaryImageOfPage":{"@id":"https:\/\/breakfast-in-america.com\/breakfast-in-america-champs-elysees\/#primaryimage"},"image":{"@id":"https:\/\/breakfast-in-america.com\/breakfast-in-america-champs-elysees\/#primaryimage"},"thumbnailUrl":"https:\/\/breakfast-in-america.com\/wp-content\/uploads\/2024\/11\/breakfast-in-america-champs-Elysees.jpg","datePublished":"2024-11-06T15:26:53+00:00","dateModified":"2025-09-25T08:41:04+00:00","description":"Un diner am\u00e9ricain typique dans le quartier des Champs-Elys\u00e9es \u00e0 Paris 8\u00e8me. D\u00e9gustez de d\u00e9licieux hamburgers, des pancakes dans une v\u00e9ritable ambiance am\u00e9ricaine.","breadcrumb":{"@id":"https:\/\/breakfast-in-america.com\/breakfast-in-america-champs-elysees\/#breadcrumb"},"inLanguage":"en-US","potentialAction":[{"@type":"ReadAction","target":["https:\/\/breakfast-in-america.com\/breakfast-in-america-champs-elysees\/"]}]},{"@type":"ImageObject","inLanguage":"en-US","@id":"https:\/\/breakfast-in-america.com\/breakfast-in-america-champs-elysees\/#primaryimage","url":"https:\/\/breakfast-in-america.com\/wp-content\/uploads\/2024\/11\/breakfast-in-america-champs-Elysees.jpg","contentUrl":"https:\/\/breakfast-in-america.com\/wp-content\/uploads\/2024\/11\/breakfast-in-america-champs-Elysees.jpg","width":1500,"height":2000},{"@type":"BreadcrumbList","@id":"https:\/\/breakfast-in-america.com\/breakfast-in-america-champs-elysees\/#breadcrumb","itemListElement":[{"@type":"ListItem","position":1,"name":"Home","item":"https:\/\/breakfast-in-america.com\/fr\/"},{"@type":"ListItem","position":2,"name":"Breakfast in America Champs-Elysees"}]},{"@type":"WebSite","@id":"https:\/\/breakfast-in-america.com\/#website","url":"https:\/\/breakfast-in-america.com\/","name":"Breakfast in America","description":"DINER AM\u00c9RICAIN AUTHENTIQUE A PARIS","publisher":{"@id":"https:\/\/breakfast-in-america.com\/#organization"},"potentialAction":[{"@type":"SearchAction","target":{"@type":"EntryPoint","urlTemplate":"https:\/\/breakfast-in-america.com\/?s={search_term_string}"},"query-input":{"@type":"PropertyValueSpecification","valueRequired":true,"valueName":"search_term_string"}}],"inLanguage":"en-US"},{"@type":"Organization","@id":"https:\/\/breakfast-in-america.com\/#organization","name":"Breakfast in America","url":"https:\/\/breakfast-in-america.com\/","logo":{"@type":"ImageObject","inLanguage":"en-US","@id":"https:\/\/breakfast-in-america.com\/#\/schema\/logo\/image\/","url":"","contentUrl":"","caption":"Breakfast in America"},"image":{"@id":"https:\/\/breakfast-in-america.com\/#\/schema\/logo\/image\/"}}]}},"_links":{"self":[{"href":"https:\/\/breakfast-in-america.com\/en\/wp-json\/wp\/v2\/pages\/17036","targetHints":{"allow":["GET"]}}],"collection":[{"href":"https:\/\/breakfast-in-america.com\/en\/wp-json\/wp\/v2\/pages"}],"about":[{"href":"https:\/\/breakfast-in-america.com\/en\/wp-json\/wp\/v2\/types\/page"}],"author":[{"embeddable":true,"href":"https:\/\/breakfast-in-america.com\/en\/wp-json\/wp\/v2\/users\/1"}],"replies":[{"embeddable":true,"href":"https:\/\/breakfast-in-america.com\/en\/wp-json\/wp\/v2\/comments?post=17036"}],"version-history":[{"count":65,"href":"https:\/\/breakfast-in-america.com\/en\/wp-json\/wp\/v2\/pages\/17036\/revisions"}],"predecessor-version":[{"id":20690,"href":"https:\/\/breakfast-in-america.com\/en\/wp-json\/wp\/v2\/pages\/17036\/revisions\/20690"}],"wp:featuredmedia":[{"embeddable":true,"href":"https:\/\/breakfast-in-america.com\/en\/wp-json\/wp\/v2\/media\/17026"}],"wp:attachment":[{"href":"https:\/\/breakfast-in-america.com\/en\/wp-json\/wp\/v2\/media?parent=17036"}],"curies":[{"name":"wp","href":"https:\/\/api.w.org\/{rel}","templated":true}]}}