{"id":15691,"date":"2024-10-02T11:17:31","date_gmt":"2024-10-02T11:17:31","guid":{"rendered":"https:\/\/breakfast-in-america.com\/?page_id=15691"},"modified":"2025-09-27T09:40:30","modified_gmt":"2025-09-27T09:40:30","slug":"thanksgiving","status":"publish","type":"page","link":"https:\/\/breakfast-in-america.com\/en\/thanksgiving\/","title":{"rendered":"Thanksgiving"},"content":{"rendered":"\t\t<div data-elementor-type=\"wp-page\" data-elementor-id=\"15691\" class=\"elementor elementor-15691\" data-elementor-settings=\"{&quot;ha_cmc_init_switcher&quot;:&quot;no&quot;}\" data-elementor-post-type=\"page\">\n\t\t\t\t<div class=\"elementor-element elementor-element-de4b524 e-flex e-con-boxed e-con e-parent\" data-id=\"de4b524\" data-element_type=\"container\" data-e-type=\"container\" data-settings=\"{&quot;background_background&quot;:&quot;classic&quot;,&quot;background_motion_fx_motion_fx_scrolling&quot;:&quot;yes&quot;,&quot;background_motion_fx_devices&quot;:[&quot;desktop&quot;,&quot;laptop&quot;],&quot;_ha_eqh_enable&quot;:false}\">\n\t\t\t\t\t<div class=\"e-con-inner\">\n\t\t\t\t<div class=\"elementor-element elementor-element-dc24727 elementor-widget elementor-widget-heading\" data-id=\"dc24727\" data-element_type=\"widget\" data-e-type=\"widget\" data-widget_type=\"heading.default\">\n\t\t\t\t\t<h2 class=\"elementor-heading-title elementor-size-default\">EVENEMENT bia<\/h2>\t\t\t\t<\/div>\n\t\t\t\t<div class=\"elementor-element elementor-element-b35fba2 elementor-widget elementor-widget-heading\" data-id=\"b35fba2\" data-element_type=\"widget\" data-e-type=\"widget\" data-widget_type=\"heading.default\">\n\t\t\t\t\t<h2 class=\"elementor-heading-title elementor-size-default\">Thanksgiving 2025<\/h2>\t\t\t\t<\/div>\n\t\t\t\t<div class=\"elementor-element elementor-element-45ef305 elementor-widget elementor-widget-text-editor\" data-id=\"45ef305\" data-element_type=\"widget\" data-e-type=\"widget\" data-widget_type=\"text-editor.default\">\n\t\t\t\t\t\t\t\t\t<p>Pour la 23\u1d49 ann\u00e9e cons\u00e9cutive, nos restaurants Breakfast in America vous invitent \u00e0 leur repas sp\u00e9cial Thanksgiving, les 27 et 28 novembre 2025. Venez c\u00e9l\u00e9brer cette f\u00eate traditionnelle autour d\u2019un festin savoureux avec dinde, pur\u00e9e et autres plats typiques.<\/p>\t\t\t\t\t\t\t\t<\/div>\n\t\t\t\t\t<\/div>\n\t\t\t\t<\/div>\n\t\t<div class=\"elementor-element elementor-element-4f10a81 e-flex e-con-boxed e-con e-parent\" data-id=\"4f10a81\" data-element_type=\"container\" data-e-type=\"container\" data-settings=\"{&quot;background_background&quot;:&quot;classic&quot;,&quot;_ha_eqh_enable&quot;:false}\">\n\t\t\t\t\t<div class=\"e-con-inner\">\n\t\t<div class=\"elementor-element elementor-element-effec1d e-con-full e-flex e-con e-child\" data-id=\"effec1d\" data-element_type=\"container\" data-e-type=\"container\" data-settings=\"{&quot;_ha_eqh_enable&quot;:false}\">\n\t\t\t\t<div class=\"elementor-element elementor-element-71a667a elementor-widget elementor-widget-heading\" data-id=\"71a667a\" data-element_type=\"widget\" data-e-type=\"widget\" data-widget_type=\"heading.default\">\n\t\t\t\t\t<h2 class=\"elementor-heading-title elementor-size-default\">Thanksgiving \u00e0 Paris : Partage, Saveurs et Tradition Am\u00e9ricaine<\/h2>\t\t\t\t<\/div>\n\t\t\t\t<div class=\"elementor-element elementor-element-1c4d690 elementor-widget__width-initial elementor-widget elementor-widget-text-editor\" data-id=\"1c4d690\" data-element_type=\"widget\" data-e-type=\"widget\" data-widget_type=\"text-editor.default\">\n\t\t\t\t\t\t\t\t\tThanksgiving n\u2019est pas seulement une f\u00eate am\u00e9ricaine : c\u2019est un moment de partage et de convivialit\u00e9 que Breakfast in America fait vivre \u00e0 Paris depuis 23 ans. Cette ann\u00e9e, nous avons le plaisir de c\u00e9l\u00e9brer la 23e \u00e9dition de notre grand d\u00eener de Thanksgiving, devenu au fil du temps un rendez-vous incontournable pour tous ceux qui souhaitent go\u00fbter \u00e0 la magie de cette tradition au c\u0153ur de la capitale.Rejoignez-nous et partagez ce moment exceptionnel qui, chaque ann\u00e9e, rassemble familles, amis, Parisiens et expatri\u00e9s autour de la m\u00eame table.\t\t\t\t\t\t\t\t<\/div>\n\t\t\t\t<\/div>\n\t\t<div class=\"elementor-element elementor-element-49a36ff e-con-full elementor-hidden-mobile e-flex e-con e-child\" data-id=\"49a36ff\" data-element_type=\"container\" data-e-type=\"container\" data-settings=\"{&quot;background_background&quot;:&quot;classic&quot;,&quot;_ha_eqh_enable&quot;:false}\">\n\t\t\t\t<\/div>\n\t\t\t\t\t<\/div>\n\t\t\t\t<\/div>\n\t\t<div class=\"elementor-element elementor-element-b8a498f e-flex e-con-boxed e-con e-parent\" data-id=\"b8a498f\" data-element_type=\"container\" data-e-type=\"container\" data-settings=\"{&quot;background_background&quot;:&quot;classic&quot;,&quot;_ha_eqh_enable&quot;:false}\">\n\t\t\t\t\t<div class=\"e-con-inner\">\n\t\t<div class=\"elementor-element elementor-element-3d41936 e-con-full e-flex e-con e-child\" data-id=\"3d41936\" data-element_type=\"container\" data-e-type=\"container\" data-settings=\"{&quot;background_background&quot;:&quot;classic&quot;,&quot;_ha_eqh_enable&quot;:false}\">\n\t\t\t\t<div class=\"elementor-element elementor-element-c277161 elementor-widget elementor-widget-heading\" data-id=\"c277161\" data-element_type=\"widget\" data-e-type=\"widget\" data-widget_type=\"heading.default\">\n\t\t\t\t\t<h2 class=\"elementor-heading-title elementor-size-default\">O\u00f9 ?<\/h2>\t\t\t\t<\/div>\n\t\t\t\t<div class=\"elementor-element elementor-element-2374757 elementor-widget elementor-widget-text-editor\" data-id=\"2374757\" data-element_type=\"widget\" data-e-type=\"widget\" data-widget_type=\"text-editor.default\">\n\t\t\t\t\t\t\t\t\tBIA Marais (4 rue Malher 75004 Paris)<BR>\nBIA Quartier Latin (17 rue des \u00e9coles 75005 Paris)<BR>\nBIA Champs-\u00c9lys\u00e9es (2 rue Saint-Philippe du Roule 75008 Paris)\t\t\t\t\t\t\t\t<\/div>\n\t\t\t\t<\/div>\n\t\t<div class=\"elementor-element elementor-element-24e91bd e-con-full e-flex e-con e-child\" data-id=\"24e91bd\" data-element_type=\"container\" data-e-type=\"container\" data-settings=\"{&quot;background_background&quot;:&quot;classic&quot;,&quot;_ha_eqh_enable&quot;:false}\">\n\t\t\t\t<div class=\"elementor-element elementor-element-fba56e2 elementor-widget elementor-widget-heading\" data-id=\"fba56e2\" data-element_type=\"widget\" data-e-type=\"widget\" data-widget_type=\"heading.default\">\n\t\t\t\t\t<h2 class=\"elementor-heading-title elementor-size-default\">Quand ?<\/h2>\t\t\t\t<\/div>\n\t\t\t\t<div class=\"elementor-element elementor-element-bde1dcc elementor-widget elementor-widget-text-editor\" data-id=\"bde1dcc\" data-element_type=\"widget\" data-e-type=\"widget\" data-widget_type=\"text-editor.default\">\n\t\t\t\t\t\t\t\t\t<p><b>27 et 28 novembre 2025,<br \/><\/b>2 services disponibles 18h00 et 20h00<\/p>\t\t\t\t\t\t\t\t<\/div>\n\t\t\t\t<\/div>\n\t\t<div class=\"elementor-element elementor-element-7f4c2dc e-con-full e-flex e-con e-child\" data-id=\"7f4c2dc\" data-element_type=\"container\" data-e-type=\"container\" data-settings=\"{&quot;background_background&quot;:&quot;classic&quot;,&quot;_ha_eqh_enable&quot;:false}\">\n\t\t\t\t<div class=\"elementor-element elementor-element-4e5cee2 elementor-widget elementor-widget-heading\" data-id=\"4e5cee2\" data-element_type=\"widget\" data-e-type=\"widget\" data-widget_type=\"heading.default\">\n\t\t\t\t\t<h2 class=\"elementor-heading-title elementor-size-default\">Menu <\/h2>\t\t\t\t<\/div>\n\t\t\t\t<div class=\"elementor-element elementor-element-2f6f8a3 elementor-widget elementor-widget-text-editor\" data-id=\"2f6f8a3\" data-element_type=\"widget\" data-e-type=\"widget\" data-widget_type=\"text-editor.default\">\n\t\t\t\t\t\t\t\t\t<p><b>54\u20ac\/pers<\/b> comprenant ap\u00e9ritif, entr\u00e9e, plat principal (avec la dinde de Thanksgiving !), dessert au choix. <\/p>\t\t\t\t\t\t\t\t<\/div>\n\t\t\t\t<\/div>\n\t\t\t\t\t<\/div>\n\t\t\t\t<\/div>\n\t\t<div class=\"elementor-element elementor-element-fa3aa63 e-flex e-con-boxed e-con e-parent\" data-id=\"fa3aa63\" data-element_type=\"container\" data-e-type=\"container\" data-settings=\"{&quot;background_background&quot;:&quot;classic&quot;,&quot;_ha_eqh_enable&quot;:false}\">\n\t\t\t\t\t<div class=\"e-con-inner\">\n\t\t<div class=\"elementor-element elementor-element-12b7ebb e-con-full e-flex e-con e-child\" data-id=\"12b7ebb\" data-element_type=\"container\" data-e-type=\"container\" data-settings=\"{&quot;background_background&quot;:&quot;classic&quot;,&quot;background_motion_fx_motion_fx_scrolling&quot;:&quot;yes&quot;,&quot;background_motion_fx_translateY_effect&quot;:&quot;yes&quot;,&quot;background_motion_fx_translateY_direction&quot;:&quot;negative&quot;,&quot;background_motion_fx_translateY_speed&quot;:{&quot;unit&quot;:&quot;px&quot;,&quot;size&quot;:3,&quot;sizes&quot;:[]},&quot;background_motion_fx_translateY_affectedRange&quot;:{&quot;unit&quot;:&quot;%&quot;,&quot;size&quot;:&quot;&quot;,&quot;sizes&quot;:{&quot;start&quot;:0,&quot;end&quot;:100}},&quot;background_motion_fx_devices&quot;:[&quot;desktop&quot;,&quot;laptop&quot;,&quot;tablet_extra&quot;,&quot;tablet&quot;,&quot;mobile&quot;],&quot;_ha_eqh_enable&quot;:false}\">\n\t\t\t\t<\/div>\n\t\t<div class=\"elementor-element elementor-element-bad356a e-con-full e-flex e-con e-child\" data-id=\"bad356a\" data-element_type=\"container\" data-e-type=\"container\" data-settings=\"{&quot;_ha_eqh_enable&quot;:false}\">\n\t\t\t\t<div class=\"elementor-element elementor-element-8639c69 elementor-widget elementor-widget-heading\" data-id=\"8639c69\" data-element_type=\"widget\" data-e-type=\"widget\" data-widget_type=\"heading.default\">\n\t\t\t\t\t<h2 class=\"elementor-heading-title elementor-size-default\">R\u00e9servez votre place d\u00e8s maintenant<\/h2>\t\t\t\t<\/div>\n\t\t\t\t<div class=\"elementor-element elementor-element-de6d6c3 elementor-align-left elementor-widget__width-initial elementor-tablet-align-center elementor-mobile-align-left elementor-widget elementor-widget-button\" data-id=\"de6d6c3\" data-element_type=\"widget\" data-e-type=\"widget\" data-widget_type=\"button.default\">\n\t\t\t\t\t\t\t\t\t\t<a class=\"elementor-button elementor-button-link elementor-size-sm elementor-animation-shrink\" href=\"https:\/\/breakfast-in-america.com\/wp-content\/uploads\/2025\/09\/MENU-BIA-THANKSGIVING-2025.pdf\" target=\"_blank\">\n\t\t\t\t\t\t<span class=\"elementor-button-content-wrapper\">\n\t\t\t\t\t\t<span class=\"elementor-button-icon\">\n\t\t\t\t<svg xmlns=\"http:\/\/www.w3.org\/2000\/svg\" width=\"24\" height=\"24\" viewBox=\"0 0 24 24\" fill=\"none\"><path d=\"M10 9L15 4M15 4L20 9M15 4V16C15 17.0609 14.5786 18.0783 13.8284 18.8284C13.0783 19.5786 12.0609 20 11 20H4\" stroke=\"#C3282D\" stroke-width=\"2\" stroke-linecap=\"round\" stroke-linejoin=\"round\"><\/path><\/svg>\t\t\t<\/span>\n\t\t\t\t\t\t\t\t\t<span class=\"elementor-button-text\">D\u00e9couvrir le menu<\/span>\n\t\t\t\t\t<\/span>\n\t\t\t\t\t<\/a>\n\t\t\t\t\t\t\t\t<\/div>\n\t\t<div class=\"elementor-element elementor-element-3d9b197 e-con-full e-flex e-con e-child\" data-id=\"3d9b197\" data-element_type=\"container\" data-e-type=\"container\" data-settings=\"{&quot;background_background&quot;:&quot;classic&quot;,&quot;_ha_eqh_enable&quot;:false}\">\n\t\t\t\t<div class=\"elementor-element elementor-element-9290c76 elementor-widget elementor-widget-heading\" data-id=\"9290c76\" data-element_type=\"widget\" data-e-type=\"widget\" data-widget_type=\"heading.default\">\n\t\t\t\t\t<h2 class=\"elementor-heading-title elementor-size-default\">BREAKFAST IN AMERICA <br>\n\u00abMARAIS\u00bb<\/h2>\t\t\t\t<\/div>\n\t\t\t\t<div class=\"elementor-element elementor-element-ae30d49 elementor-widget__width-auto elementor-align-center elementor-widget elementor-widget-button\" data-id=\"ae30d49\" data-element_type=\"widget\" data-e-type=\"widget\" data-widget_type=\"button.default\">\n\t\t\t\t\t\t\t\t\t\t<a class=\"elementor-button elementor-button-link elementor-size-sm\" href=\"#elementor-action%3Aaction%3Dpopup%3Aopen%26settings%3DeyJpZCI6IjIwNzQwIiwidG9nZ2xlIjpmYWxzZX0%3D\">\n\t\t\t\t\t\t<span class=\"elementor-button-content-wrapper\">\n\t\t\t\t\t\t\t\t\t<span class=\"elementor-button-text\">R\u00e9server<\/span>\n\t\t\t\t\t<\/span>\n\t\t\t\t\t<\/a>\n\t\t\t\t\t\t\t\t<\/div>\n\t\t\t\t<div class=\"elementor-element elementor-element-15402a8 elementor-widget elementor-widget-text-editor\" data-id=\"15402a8\" data-element_type=\"widget\" data-e-type=\"widget\" data-widget_type=\"text-editor.default\">\n\t\t\t\t\t\t\t\t\tBIA Quartier Latin (17 rue des \u00e9coles 75005 Paris)\t\t\t\t\t\t\t\t<\/div>\n\t\t\t\t<\/div>\n\t\t<div class=\"elementor-element elementor-element-351f575 e-con-full e-flex e-con e-child\" data-id=\"351f575\" data-element_type=\"container\" data-e-type=\"container\" data-settings=\"{&quot;background_background&quot;:&quot;classic&quot;,&quot;_ha_eqh_enable&quot;:false}\">\n\t\t\t\t<div class=\"elementor-element elementor-element-c6ff3af elementor-widget elementor-widget-heading\" data-id=\"c6ff3af\" data-element_type=\"widget\" data-e-type=\"widget\" data-widget_type=\"heading.default\">\n\t\t\t\t\t<h2 class=\"elementor-heading-title elementor-size-default\">BREAKFAST IN AMERICA <br>\n\u00abQUARTIER LATIN\u00bb<\/h2>\t\t\t\t<\/div>\n\t\t\t\t<div class=\"elementor-element elementor-element-1eba65d elementor-widget__width-auto elementor-align-center elementor-widget elementor-widget-button\" data-id=\"1eba65d\" data-element_type=\"widget\" data-e-type=\"widget\" data-widget_type=\"button.default\">\n\t\t\t\t\t\t\t\t\t\t<a class=\"elementor-button elementor-button-link elementor-size-sm\" href=\"#elementor-action%3Aaction%3Dpopup%3Aopen%26settings%3DeyJpZCI6IjIwNzYwIiwidG9nZ2xlIjpmYWxzZX0%3D\">\n\t\t\t\t\t\t<span class=\"elementor-button-content-wrapper\">\n\t\t\t\t\t\t\t\t\t<span class=\"elementor-button-text\">R\u00e9server<\/span>\n\t\t\t\t\t<\/span>\n\t\t\t\t\t<\/a>\n\t\t\t\t\t\t\t\t<\/div>\n\t\t\t\t<div class=\"elementor-element elementor-element-a420caf elementor-widget elementor-widget-text-editor\" data-id=\"a420caf\" data-element_type=\"widget\" data-e-type=\"widget\" data-widget_type=\"text-editor.default\">\n\t\t\t\t\t\t\t\t\tBIA Marais (4 rue Malher 75004 Paris)\t\t\t\t\t\t\t\t<\/div>\n\t\t\t\t<\/div>\n\t\t<div class=\"elementor-element elementor-element-4ac38d7 e-con-full e-flex e-con e-child\" data-id=\"4ac38d7\" data-element_type=\"container\" data-e-type=\"container\" data-settings=\"{&quot;background_background&quot;:&quot;classic&quot;,&quot;_ha_eqh_enable&quot;:false}\">\n\t\t\t\t<div class=\"elementor-element elementor-element-c4c48f7 elementor-widget elementor-widget-heading\" data-id=\"c4c48f7\" data-element_type=\"widget\" data-e-type=\"widget\" data-widget_type=\"heading.default\">\n\t\t\t\t\t<h2 class=\"elementor-heading-title elementor-size-default\">BREAKFAST IN AMERICA <br>\n\u00abCHAMPS-\u00c9LYS\u00c9ES\u00bb<\/h2>\t\t\t\t<\/div>\n\t\t\t\t<div class=\"elementor-element elementor-element-c45f549 elementor-widget__width-auto elementor-align-center elementor-widget elementor-widget-button\" data-id=\"c45f549\" data-element_type=\"widget\" data-e-type=\"widget\" data-widget_type=\"button.default\">\n\t\t\t\t\t\t\t\t\t\t<a class=\"elementor-button elementor-button-link elementor-size-sm\" href=\"#elementor-action%3Aaction%3Dpopup%3Aopen%26settings%3DeyJpZCI6IjIwNzY3IiwidG9nZ2xlIjpmYWxzZX0%3D\">\n\t\t\t\t\t\t<span class=\"elementor-button-content-wrapper\">\n\t\t\t\t\t\t\t\t\t<span class=\"elementor-button-text\">R\u00e9server <\/span>\n\t\t\t\t\t<\/span>\n\t\t\t\t\t<\/a>\n\t\t\t\t\t\t\t\t<\/div>\n\t\t\t\t<div class=\"elementor-element elementor-element-8eda211 elementor-widget elementor-widget-text-editor\" data-id=\"8eda211\" data-element_type=\"widget\" data-e-type=\"widget\" data-widget_type=\"text-editor.default\">\n\t\t\t\t\t\t\t\t\tBIA Champs-\u00c9lys\u00e9es (2 rue Saint-Philippe du Roule 75008 Paris)\t\t\t\t\t\t\t\t<\/div>\n\t\t\t\t<\/div>\n\t\t\t\t<\/div>\n\t\t\t\t\t<\/div>\n\t\t\t\t<\/div>\n\t\t<div class=\"elementor-element elementor-element-dae7087 elementor-hidden-desktop elementor-hidden-laptop elementor-hidden-tablet_extra elementor-hidden-tablet elementor-hidden-mobile e-flex e-con-boxed e-con e-parent\" data-id=\"dae7087\" data-element_type=\"container\" data-e-type=\"container\" data-settings=\"{&quot;_ha_eqh_enable&quot;:false}\">\n\t\t\t\t\t<div class=\"e-con-inner\">\n\t\t\t\t<div class=\"elementor-element elementor-element-9d504d1 elementor-widget elementor-widget-heading\" data-id=\"9d504d1\" data-element_type=\"widget\" data-e-type=\"widget\" data-widget_type=\"heading.default\">\n\t\t\t\t\t<h2 class=\"elementor-heading-title elementor-size-default\">No more space available, join our loyalty program to be notified of our next Thanksgiving.<\/h2>\t\t\t\t<\/div>\n\t\t\t\t<div class=\"elementor-element elementor-element-95483c3 elementor-widget elementor-widget-heading\" data-id=\"95483c3\" data-element_type=\"widget\" data-e-type=\"widget\" data-widget_type=\"heading.default\">\n\t\t\t\t\t<h2 class=\"elementor-heading-title elementor-size-default\"><a href=\"https:\/\/breakfast-in-america.zerosix.com\/#\/\"><u>JOIN NOW !<\/u><\/a><\/h2>\t\t\t\t<\/div>\n\t\t\t\t\t<\/div>\n\t\t\t\t<\/div>\n\t\t\t\t<\/div>\n\t\t","protected":false},"excerpt":{"rendered":"<p>EVENEMENT bia Thanksgiving 2025 Pour la 23\u1d49 ann\u00e9e cons\u00e9cutive, nos restaurants Breakfast in America vous invitent \u00e0 leur repas sp\u00e9cial Thanksgiving, les 27 et 28 novembre 2025. Venez c\u00e9l\u00e9brer cette f\u00eate traditionnelle autour d\u2019un festin savoureux avec dinde, pur\u00e9e et autres plats typiques. Thanksgiving \u00e0 Paris : Partage, Saveurs et Tradition Am\u00e9ricaine Thanksgiving n\u2019est pas [&hellip;]<\/p>\n","protected":false},"author":1,"featured_media":0,"parent":0,"menu_order":0,"comment_status":"closed","ping_status":"closed","template":"","meta":{"_acf_changed":false,"footnotes":""},"class_list":["post-15691","page","type-page","status-publish","hentry"],"acf":[],"yoast_head":"<!-- This site is optimized with the Yoast SEO plugin v27.4 - https:\/\/yoast.com\/product\/yoast-seo-wordpress\/ -->\n<title>Thanksgiving - Breakfast in America<\/title>\n<meta name=\"robots\" content=\"index, follow, max-snippet:-1, max-image-preview:large, max-video-preview:-1\" \/>\n<link rel=\"canonical\" href=\"https:\/\/breakfast-in-america.com\/en\/thanksgiving\/\" \/>\n<meta property=\"og:locale\" content=\"en_US\" \/>\n<meta property=\"og:type\" content=\"article\" \/>\n<meta property=\"og:title\" content=\"Thanksgiving - Breakfast in America\" \/>\n<meta property=\"og:description\" content=\"EVENEMENT bia Thanksgiving 2025 Pour la 23\u1d49 ann\u00e9e cons\u00e9cutive, nos restaurants Breakfast in America vous invitent \u00e0 leur repas sp\u00e9cial Thanksgiving, les 27 et 28 novembre 2025. Venez c\u00e9l\u00e9brer cette f\u00eate traditionnelle autour d\u2019un festin savoureux avec dinde, pur\u00e9e et autres plats typiques. Thanksgiving \u00e0 Paris : Partage, Saveurs et Tradition Am\u00e9ricaine Thanksgiving n\u2019est pas [&hellip;]\" \/>\n<meta property=\"og:url\" content=\"https:\/\/breakfast-in-america.com\/en\/thanksgiving\/\" \/>\n<meta property=\"og:site_name\" content=\"Breakfast in America\" \/>\n<meta property=\"article:modified_time\" content=\"2025-09-27T09:40:30+00:00\" \/>\n<meta name=\"twitter:card\" content=\"summary_large_image\" \/>\n<meta name=\"twitter:label1\" content=\"Est. reading time\" \/>\n\t<meta name=\"twitter:data1\" content=\"2 minutes\" \/>\n<script type=\"application\/ld+json\" class=\"yoast-schema-graph\">{\"@context\":\"https:\\\/\\\/schema.org\",\"@graph\":[{\"@type\":\"WebPage\",\"@id\":\"https:\\\/\\\/breakfast-in-america.com\\\/thanksgiving\\\/\",\"url\":\"https:\\\/\\\/breakfast-in-america.com\\\/thanksgiving\\\/\",\"name\":\"Thanksgiving - Breakfast in America\",\"isPartOf\":{\"@id\":\"https:\\\/\\\/breakfast-in-america.com\\\/#website\"},\"datePublished\":\"2024-10-02T11:17:31+00:00\",\"dateModified\":\"2025-09-27T09:40:30+00:00\",\"breadcrumb\":{\"@id\":\"https:\\\/\\\/breakfast-in-america.com\\\/thanksgiving\\\/#breadcrumb\"},\"inLanguage\":\"en-US\",\"potentialAction\":[{\"@type\":\"ReadAction\",\"target\":[\"https:\\\/\\\/breakfast-in-america.com\\\/thanksgiving\\\/\"]}]},{\"@type\":\"BreadcrumbList\",\"@id\":\"https:\\\/\\\/breakfast-in-america.com\\\/thanksgiving\\\/#breadcrumb\",\"itemListElement\":[{\"@type\":\"ListItem\",\"position\":1,\"name\":\"Home\",\"item\":\"https:\\\/\\\/breakfast-in-america.com\\\/fr\\\/\"},{\"@type\":\"ListItem\",\"position\":2,\"name\":\"Thanksgiving\"}]},{\"@type\":\"WebSite\",\"@id\":\"https:\\\/\\\/breakfast-in-america.com\\\/#website\",\"url\":\"https:\\\/\\\/breakfast-in-america.com\\\/\",\"name\":\"Breakfast in America\",\"description\":\"DINER AM\u00c9RICAIN AUTHENTIQUE A PARIS\",\"publisher\":{\"@id\":\"https:\\\/\\\/breakfast-in-america.com\\\/#organization\"},\"potentialAction\":[{\"@type\":\"SearchAction\",\"target\":{\"@type\":\"EntryPoint\",\"urlTemplate\":\"https:\\\/\\\/breakfast-in-america.com\\\/?s={search_term_string}\"},\"query-input\":{\"@type\":\"PropertyValueSpecification\",\"valueRequired\":true,\"valueName\":\"search_term_string\"}}],\"inLanguage\":\"en-US\"},{\"@type\":\"Organization\",\"@id\":\"https:\\\/\\\/breakfast-in-america.com\\\/#organization\",\"name\":\"Breakfast in America\",\"url\":\"https:\\\/\\\/breakfast-in-america.com\\\/\",\"logo\":{\"@type\":\"ImageObject\",\"inLanguage\":\"en-US\",\"@id\":\"https:\\\/\\\/breakfast-in-america.com\\\/#\\\/schema\\\/logo\\\/image\\\/\",\"url\":\"\",\"contentUrl\":\"\",\"caption\":\"Breakfast in America\"},\"image\":{\"@id\":\"https:\\\/\\\/breakfast-in-america.com\\\/#\\\/schema\\\/logo\\\/image\\\/\"}}]}<\/script>\n<!-- \/ Yoast SEO plugin. -->","yoast_head_json":{"title":"Thanksgiving - Breakfast in America","robots":{"index":"index","follow":"follow","max-snippet":"max-snippet:-1","max-image-preview":"max-image-preview:large","max-video-preview":"max-video-preview:-1"},"canonical":"https:\/\/breakfast-in-america.com\/en\/thanksgiving\/","og_locale":"en_US","og_type":"article","og_title":"Thanksgiving - Breakfast in America","og_description":"EVENEMENT bia Thanksgiving 2025 Pour la 23\u1d49 ann\u00e9e cons\u00e9cutive, nos restaurants Breakfast in America vous invitent \u00e0 leur repas sp\u00e9cial Thanksgiving, les 27 et 28 novembre 2025. Venez c\u00e9l\u00e9brer cette f\u00eate traditionnelle autour d\u2019un festin savoureux avec dinde, pur\u00e9e et autres plats typiques. Thanksgiving \u00e0 Paris : Partage, Saveurs et Tradition Am\u00e9ricaine Thanksgiving n\u2019est pas [&hellip;]","og_url":"https:\/\/breakfast-in-america.com\/en\/thanksgiving\/","og_site_name":"Breakfast in America","article_modified_time":"2025-09-27T09:40:30+00:00","twitter_card":"summary_large_image","twitter_misc":{"Est. reading time":"2 minutes"},"schema":{"@context":"https:\/\/schema.org","@graph":[{"@type":"WebPage","@id":"https:\/\/breakfast-in-america.com\/thanksgiving\/","url":"https:\/\/breakfast-in-america.com\/thanksgiving\/","name":"Thanksgiving - Breakfast in America","isPartOf":{"@id":"https:\/\/breakfast-in-america.com\/#website"},"datePublished":"2024-10-02T11:17:31+00:00","dateModified":"2025-09-27T09:40:30+00:00","breadcrumb":{"@id":"https:\/\/breakfast-in-america.com\/thanksgiving\/#breadcrumb"},"inLanguage":"en-US","potentialAction":[{"@type":"ReadAction","target":["https:\/\/breakfast-in-america.com\/thanksgiving\/"]}]},{"@type":"BreadcrumbList","@id":"https:\/\/breakfast-in-america.com\/thanksgiving\/#breadcrumb","itemListElement":[{"@type":"ListItem","position":1,"name":"Home","item":"https:\/\/breakfast-in-america.com\/fr\/"},{"@type":"ListItem","position":2,"name":"Thanksgiving"}]},{"@type":"WebSite","@id":"https:\/\/breakfast-in-america.com\/#website","url":"https:\/\/breakfast-in-america.com\/","name":"Breakfast in America","description":"DINER AM\u00c9RICAIN AUTHENTIQUE A PARIS","publisher":{"@id":"https:\/\/breakfast-in-america.com\/#organization"},"potentialAction":[{"@type":"SearchAction","target":{"@type":"EntryPoint","urlTemplate":"https:\/\/breakfast-in-america.com\/?s={search_term_string}"},"query-input":{"@type":"PropertyValueSpecification","valueRequired":true,"valueName":"search_term_string"}}],"inLanguage":"en-US"},{"@type":"Organization","@id":"https:\/\/breakfast-in-america.com\/#organization","name":"Breakfast in America","url":"https:\/\/breakfast-in-america.com\/","logo":{"@type":"ImageObject","inLanguage":"en-US","@id":"https:\/\/breakfast-in-america.com\/#\/schema\/logo\/image\/","url":"","contentUrl":"","caption":"Breakfast in America"},"image":{"@id":"https:\/\/breakfast-in-america.com\/#\/schema\/logo\/image\/"}}]}},"_links":{"self":[{"href":"https:\/\/breakfast-in-america.com\/en\/wp-json\/wp\/v2\/pages\/15691","targetHints":{"allow":["GET"]}}],"collection":[{"href":"https:\/\/breakfast-in-america.com\/en\/wp-json\/wp\/v2\/pages"}],"about":[{"href":"https:\/\/breakfast-in-america.com\/en\/wp-json\/wp\/v2\/types\/page"}],"author":[{"embeddable":true,"href":"https:\/\/breakfast-in-america.com\/en\/wp-json\/wp\/v2\/users\/1"}],"replies":[{"embeddable":true,"href":"https:\/\/breakfast-in-america.com\/en\/wp-json\/wp\/v2\/comments?post=15691"}],"version-history":[{"count":529,"href":"https:\/\/breakfast-in-america.com\/en\/wp-json\/wp\/v2\/pages\/15691\/revisions"}],"predecessor-version":[{"id":20872,"href":"https:\/\/breakfast-in-america.com\/en\/wp-json\/wp\/v2\/pages\/15691\/revisions\/20872"}],"wp:attachment":[{"href":"https:\/\/breakfast-in-america.com\/en\/wp-json\/wp\/v2\/media?parent=15691"}],"curies":[{"name":"wp","href":"https:\/\/api.w.org\/{rel}","templated":true}]}}