{"id":11314,"date":"2023-05-26T13:40:02","date_gmt":"2023-05-26T13:40:02","guid":{"rendered":"https:\/\/breakfast-in-america.com\/?page_id=11314"},"modified":"2025-09-25T08:41:27","modified_gmt":"2025-09-25T08:41:27","slug":"breakfast-in-america-marais","status":"publish","type":"page","link":"https:\/\/breakfast-in-america.com\/en\/breakfast-in-america-marais\/","title":{"rendered":"Breakfast in America &#8211; Marais"},"content":{"rendered":"<div data-elementor-type=\"wp-page\" data-elementor-id=\"11314\" class=\"elementor elementor-11314\" data-elementor-settings=\"{&quot;ha_cmc_init_switcher&quot;:&quot;no&quot;}\" data-elementor-post-type=\"page\">\n\t\t\t\t<div class=\"elementor-element elementor-element-3543e864 e-con-full e-flex e-con e-parent\" data-id=\"3543e864\" data-element_type=\"container\" data-e-type=\"container\" data-settings=\"{&quot;background_background&quot;:&quot;classic&quot;,&quot;_ha_eqh_enable&quot;:false}\">\n\t\t<div class=\"elementor-element elementor-element-5876c7ac e-flex e-con-boxed e-con e-child\" data-id=\"5876c7ac\" data-element_type=\"container\" data-e-type=\"container\" data-settings=\"{&quot;_ha_eqh_enable&quot;:false}\">\n\t\t\t\t\t<div class=\"e-con-inner\">\n\t\t\t\t<div class=\"elementor-element elementor-element-55320949 animated-slow elementor-invisible elementor-widget elementor-widget-heading\" data-id=\"55320949\" data-element_type=\"widget\" data-e-type=\"widget\" data-settings=\"{&quot;_animation&quot;:&quot;slideInUp&quot;}\" data-widget_type=\"heading.default\">\n\t\t\t\t\t<h2 class=\"elementor-heading-title elementor-size-default\">Breakfast in America <\/h2>\t\t\t\t<\/div>\n\t\t\t\t<div class=\"elementor-element elementor-element-3dd1122b animated-slow elementor-invisible elementor-widget elementor-widget-heading\" data-id=\"3dd1122b\" data-element_type=\"widget\" data-e-type=\"widget\" data-settings=\"{&quot;_animation&quot;:&quot;slideInUp&quot;}\" data-widget_type=\"heading.default\">\n\t\t\t\t\t<h2 class=\"elementor-heading-title elementor-size-default\">Marais<\/h2>\t\t\t\t<\/div>\n\t\t\t\t\t<\/div>\n\t\t\t\t<\/div>\n\t\t<div class=\"elementor-element elementor-element-64ce00c0 e-con-full e-flex e-con e-child\" data-id=\"64ce00c0\" data-element_type=\"container\" data-e-type=\"container\" data-settings=\"{&quot;_ha_eqh_enable&quot;:false}\">\n\t\t<div class=\"elementor-element elementor-element-5daa08bb animated-slow e-con-full e-flex elementor-invisible e-con e-child\" data-id=\"5daa08bb\" data-element_type=\"container\" data-e-type=\"container\" data-settings=\"{&quot;background_background&quot;:&quot;classic&quot;,&quot;animation&quot;:&quot;fadeInUp&quot;,&quot;animation_delay&quot;:600,&quot;_ha_eqh_enable&quot;:false}\">\n\t\t\t\t<\/div>\n\t\t<div class=\"elementor-element elementor-element-64a4e4d e-con-full e-flex e-con e-child\" data-id=\"64a4e4d\" data-element_type=\"container\" data-e-type=\"container\" data-settings=\"{&quot;_ha_eqh_enable&quot;:false}\">\n\t\t<div class=\"elementor-element elementor-element-d7c16a9 e-flex e-con-boxed e-con e-child\" data-id=\"d7c16a9\" data-element_type=\"container\" data-e-type=\"container\" data-settings=\"{&quot;_ha_eqh_enable&quot;:false}\">\n\t\t\t\t\t<div class=\"e-con-inner\">\n\t\t\t\t<div class=\"elementor-element elementor-element-4c58b32d elementor-widget elementor-widget-text-editor\" data-id=\"4c58b32d\" data-element_type=\"widget\" data-e-type=\"widget\" data-widget_type=\"text-editor.default\">\n\t\t\t\t\t\t\t\t\t<p>Breakfast in America \u201cMarais\u201d is an authentic American diner located in the 4th arrondissement of Paris (M\u00e9tro Saint-Paul). Open every day, it offers a wide variety of typically American dishes for breakfast, brunch, lunch and dinner.<\/p>\t\t\t\t\t\t\t\t<\/div>\n\t\t<div class=\"elementor-element elementor-element-9efd436 e-flex e-con-boxed e-con e-child\" data-id=\"9efd436\" data-element_type=\"container\" data-e-type=\"container\" data-settings=\"{&quot;_ha_eqh_enable&quot;:false}\">\n\t\t\t\t\t<div class=\"e-con-inner\">\n\t\t\t\t<div class=\"elementor-element elementor-element-88a0c65 elementor-widget__width-auto elementor-mobile-align-left elementor-widget-mobile__width-inherit elementor-align-left elementor-widget elementor-widget-button\" data-id=\"88a0c65\" data-element_type=\"widget\" data-e-type=\"widget\" data-widget_type=\"button.default\">\n\t\t\t\t\t\t\t\t\t\t<a class=\"elementor-button elementor-button-link elementor-size-sm\" href=\"https:\/\/widget.thefork.com\/77b83919-14f2-48a3-9947-418001f9c759\">\n\t\t\t\t\t\t<span class=\"elementor-button-content-wrapper\">\n\t\t\t\t\t\t\t\t\t<span class=\"elementor-button-text\">Booking<\/span>\n\t\t\t\t\t<\/span>\n\t\t\t\t\t<\/a>\n\t\t\t\t\t\t\t\t<\/div>\n\t\t\t\t<div class=\"elementor-element elementor-element-5de0181 elementor-widget__width-auto elementor-mobile-align-left elementor-widget-mobile__width-inherit elementor-align-left elementor-widget elementor-widget-button\" data-id=\"5de0181\" data-element_type=\"widget\" data-e-type=\"widget\" data-widget_type=\"button.default\">\n\t\t\t\t\t\t\t\t\t\t<a class=\"elementor-button elementor-button-link elementor-size-sm\" href=\"https:\/\/breakfast-in-america.com\/en\/privatisation\/\">\n\t\t\t\t\t\t<span class=\"elementor-button-content-wrapper\">\n\t\t\t\t\t\t\t\t\t<span class=\"elementor-button-text\">Privatize<\/span>\n\t\t\t\t\t<\/span>\n\t\t\t\t\t<\/a>\n\t\t\t\t\t\t\t\t<\/div>\n\t\t\t\t<div class=\"elementor-element elementor-element-4b715ac elementor-widget__width-auto elementor-mobile-align-left elementor-widget-mobile__width-inherit elementor-align-left elementor-widget elementor-widget-button\" data-id=\"4b715ac\" data-element_type=\"widget\" data-e-type=\"widget\" data-widget_type=\"button.default\">\n\t\t\t\t\t\t\t\t\t\t<a class=\"elementor-button elementor-button-link elementor-size-sm\" href=\"https:\/\/breakfast-in-america.bonkdo.com\/en\/?country=\u00aeion=&amp;department=&amp;agency=7582\">\n\t\t\t\t\t\t<span class=\"elementor-button-content-wrapper\">\n\t\t\t\t\t\t\t\t\t<span class=\"elementor-button-text\">Offer<\/span>\n\t\t\t\t\t<\/span>\n\t\t\t\t\t<\/a>\n\t\t\t\t\t\t\t\t<\/div>\n\t\t\t\t\t<\/div>\n\t\t\t\t<\/div>\n\t\t\t\t\t<\/div>\n\t\t\t\t<\/div>\n\t\t<div class=\"elementor-element elementor-element-3ac9d8ce e-con-full e-flex e-con e-child\" data-id=\"3ac9d8ce\" data-element_type=\"container\" data-e-type=\"container\" data-settings=\"{&quot;_ha_eqh_enable&quot;:false}\">\n\t\t\t\t<div class=\"elementor-element elementor-element-4b598e93 elementor-widget__width-initial elementor-widget-mobile__width-inherit elementor-icon-list--layout-traditional elementor-list-item-link-full_width elementor-widget elementor-widget-icon-list\" data-id=\"4b598e93\" data-element_type=\"widget\" data-e-type=\"widget\" data-widget_type=\"icon-list.default\">\n\t\t\t\t\t\t\t<ul class=\"elementor-icon-list-items\">\n\t\t\t\t\t\t\t<li class=\"elementor-icon-list-item\">\n\t\t\t\t\t\t\t\t\t\t\t<span class=\"elementor-icon-list-icon\">\n\t\t\t\t\t\t\t<svg aria-hidden=\"true\" class=\"e-font-icon-svg e-fas-check\" viewbox=\"0 0 512 512\" xmlns=\"http:\/\/www.w3.org\/2000\/svg\"><path d=\"M173.898 439.404l-166.4-166.4c-9.997-9.997-9.997-26.206 0-36.204l36.203-36.204c9.997-9.998 26.207-9.998 36.204 0L192 312.69 432.095 72.596c9.997-9.997 26.207-9.997 36.204 0l36.203 36.204c9.997 9.997 9.997 26.206 0 36.204l-294.4 294.401c-9.998 9.997-26.207 9.997-36.204-.001z\"><\/path><\/svg>\t\t\t\t\t\t<\/span>\n\t\t\t\t\t\t\t\t\t\t<span class=\"elementor-icon-list-text\">LGBTQ+ FRIENDLY<\/span>\n\t\t\t\t\t\t\t\t\t<\/li>\n\t\t\t\t\t\t\t\t<li class=\"elementor-icon-list-item\">\n\t\t\t\t\t\t\t\t\t\t\t<span class=\"elementor-icon-list-icon\">\n\t\t\t\t\t\t\t<svg aria-hidden=\"true\" class=\"e-font-icon-svg e-fas-check\" viewbox=\"0 0 512 512\" xmlns=\"http:\/\/www.w3.org\/2000\/svg\"><path d=\"M173.898 439.404l-166.4-166.4c-9.997-9.997-9.997-26.206 0-36.204l36.203-36.204c9.997-9.998 26.207-9.998 36.204 0L192 312.69 432.095 72.596c9.997-9.997 26.207-9.997 36.204 0l36.203 36.204c9.997 9.997 9.997 26.206 0 36.204l-294.4 294.401c-9.998 9.997-26.207 9.997-36.204-.001z\"><\/path><\/svg>\t\t\t\t\t\t<\/span>\n\t\t\t\t\t\t\t\t\t\t<span class=\"elementor-icon-list-text\">Group reservations<\/span>\n\t\t\t\t\t\t\t\t\t<\/li>\n\t\t\t\t\t\t<\/ul>\n\t\t\t\t\t\t<\/div>\n\t\t\t\t<div class=\"elementor-element elementor-element-78d07384 elementor-widget__width-inherit elementor-widget-mobile__width-inherit elementor-icon-list--layout-traditional elementor-list-item-link-full_width elementor-widget elementor-widget-icon-list\" data-id=\"78d07384\" data-element_type=\"widget\" data-e-type=\"widget\" data-widget_type=\"icon-list.default\">\n\t\t\t\t\t\t\t<ul class=\"elementor-icon-list-items\">\n\t\t\t\t\t\t\t<li class=\"elementor-icon-list-item\">\n\t\t\t\t\t\t\t\t\t\t\t<a href=\"https:\/\/deliveroo.fr\/en\/menu\/Paris\/paris-4e-hotel-de-ville\/breakfast-in-america-marais\">\n\n\t\t\t\t\t\t\t\t\t\t\t\t<span class=\"elementor-icon-list-icon\">\n\t\t\t\t\t\t\t<svg aria-hidden=\"true\" class=\"e-font-icon-svg e-fas-check\" viewbox=\"0 0 512 512\" xmlns=\"http:\/\/www.w3.org\/2000\/svg\"><path d=\"M173.898 439.404l-166.4-166.4c-9.997-9.997-9.997-26.206 0-36.204l36.203-36.204c9.997-9.998 26.207-9.998 36.204 0L192 312.69 432.095 72.596c9.997-9.997 26.207-9.997 36.204 0l36.203 36.204c9.997 9.997 9.997 26.206 0 36.204l-294.4 294.401c-9.998 9.997-26.207 9.997-36.204-.001z\"><\/path><\/svg>\t\t\t\t\t\t<\/span>\n\t\t\t\t\t\t\t\t\t\t<span class=\"elementor-icon-list-text\"><span class=\"link\">Click and collect \/ home delivery<\/span><\/span>\n\t\t\t\t\t\t\t\t\t\t\t<\/a>\n\t\t\t\t\t\t\t\t\t<\/li>\n\t\t\t\t\t\t\t\t<li class=\"elementor-icon-list-item\">\n\t\t\t\t\t\t\t\t\t\t\t<a href=\"https:\/\/breakfast-in-america.com\/en\/privatisation\/\">\n\n\t\t\t\t\t\t\t\t\t\t\t\t<span class=\"elementor-icon-list-icon\">\n\t\t\t\t\t\t\t<svg aria-hidden=\"true\" class=\"e-font-icon-svg e-fas-check\" viewbox=\"0 0 512 512\" xmlns=\"http:\/\/www.w3.org\/2000\/svg\"><path d=\"M173.898 439.404l-166.4-166.4c-9.997-9.997-9.997-26.206 0-36.204l36.203-36.204c9.997-9.998 26.207-9.998 36.204 0L192 312.69 432.095 72.596c9.997-9.997 26.207-9.997 36.204 0l36.203 36.204c9.997 9.997 9.997 26.206 0 36.204l-294.4 294.401c-9.998 9.997-26.207 9.997-36.204-.001z\"><\/path><\/svg>\t\t\t\t\t\t<\/span>\n\t\t\t\t\t\t\t\t\t\t<span class=\"elementor-icon-list-text\">Privatization<\/span>\n\t\t\t\t\t\t\t\t\t\t\t<\/a>\n\t\t\t\t\t\t\t\t\t<\/li>\n\t\t\t\t\t\t<\/ul>\n\t\t\t\t\t\t<\/div>\n\t\t\t\t<\/div>\n\t\t<div class=\"elementor-element elementor-element-441cbc9a e-con-full e-flex e-con e-child\" data-id=\"441cbc9a\" data-element_type=\"container\" data-e-type=\"container\" data-settings=\"{&quot;_ha_eqh_enable&quot;:false}\">\n\t\t\t\t<div class=\"elementor-element elementor-element-2542e441 elementor-widget__width-initial elementor-widget-mobile__width-inherit elementor-widget elementor-widget-icon-box\" data-id=\"2542e441\" data-element_type=\"widget\" data-e-type=\"widget\" data-widget_type=\"icon-box.default\">\n\t\t\t\t\t\t\t<div class=\"elementor-icon-box-wrapper\">\n\n\t\t\t\n\t\t\t\t\t\t<div class=\"elementor-icon-box-content\">\n\n\t\t\t\t\t\t\t\t\t<h3 class=\"elementor-icon-box-title\">\n\t\t\t\t\t\t<span  >\n\t\t\t\t\t\t\tItinerary\t\t\t\t\t\t<\/span>\n\t\t\t\t\t<\/h3>\n\t\t\t\t\n\t\t\t\t\t\t\t\t\t<p class=\"elementor-icon-box-description\">\n\t\t\t\t\t\t 4 Rue Malher <br>\n75004 Paris\t\t\t\t\t<\/p>\n\t\t\t\t\n\t\t\t<\/div>\n\t\t\t\n\t\t<\/div>\n\t\t\t\t\t\t<\/div>\n\t\t\t\t<div class=\"elementor-element elementor-element-447788bb elementor-widget__width-initial elementor-widget-mobile__width-inherit elementor-widget elementor-widget-icon-box\" data-id=\"447788bb\" data-element_type=\"widget\" data-e-type=\"widget\" data-widget_type=\"icon-box.default\">\n\t\t\t\t\t\t\t<div class=\"elementor-icon-box-wrapper\">\n\n\t\t\t\n\t\t\t\t\t\t<div class=\"elementor-icon-box-content\">\n\n\t\t\t\t\t\t\t\t\t<h3 class=\"elementor-icon-box-title\">\n\t\t\t\t\t\t<span  >\n\t\t\t\t\t\t\tSchedule\t\t\t\t\t\t<\/span>\n\t\t\t\t\t<\/h3>\n\t\t\t\t\n\t\t\t\t\t\t\t\t\t<p class=\"elementor-icon-box-description\">\n\t\t\t\t\t\tOPEN 7\/7<br> Starting at 8.30 am <br>\nLundi - Mardi jusqu'\u00e0 15h<br>\nMercredi - Dimanche jusqu'\u00e0 22h\t\t\t\t\t<\/p>\n\t\t\t\t\n\t\t\t<\/div>\n\t\t\t\n\t\t<\/div>\n\t\t\t\t\t\t<\/div>\n\t\t\t\t<div class=\"elementor-element elementor-element-8f16854 elementor-widget__width-initial elementor-widget-mobile__width-inherit elementor-widget elementor-widget-icon-box\" data-id=\"8f16854\" data-element_type=\"widget\" data-e-type=\"widget\" data-widget_type=\"icon-box.default\">\n\t\t\t\t\t\t\t<div class=\"elementor-icon-box-wrapper\">\n\n\t\t\t\n\t\t\t\t\t\t<div class=\"elementor-icon-box-content\">\n\n\t\t\t\t\t\t\t\t\t<h3 class=\"elementor-icon-box-title\">\n\t\t\t\t\t\t<span  >\n\t\t\t\t\t\t\tContact\t\t\t\t\t\t<\/span>\n\t\t\t\t\t<\/h3>\n\t\t\t\t\n\t\t\t\t\t\t\t\t\t<p class=\"elementor-icon-box-description\">\n\t\t\t\t\t\t01 42 72 40 21<br>hello@breakfast-in-america.com\t\t\t\t\t<\/p>\n\t\t\t\t\n\t\t\t<\/div>\n\t\t\t\n\t\t<\/div>\n\t\t\t\t\t\t<\/div>\n\t\t\t\t<\/div>\n\t\t\t\t<\/div>\n\t\t\t\t<\/div>\n\t\t\t\t<\/div>\n\t\t<div class=\"elementor-element elementor-element-44eee7c8 e-con-full e-flex e-con e-parent\" data-id=\"44eee7c8\" data-element_type=\"container\" data-e-type=\"container\" data-settings=\"{&quot;background_background&quot;:&quot;classic&quot;,&quot;animation&quot;:&quot;none&quot;,&quot;_ha_eqh_enable&quot;:false}\">\n\t\t\t\t<div class=\"elementor-element elementor-element-67b7d0fe elementor-widget elementor-widget-google_maps\" data-id=\"67b7d0fe\" data-element_type=\"widget\" data-e-type=\"widget\" data-widget_type=\"google_maps.default\">\n\t\t\t\t\t\t\t<div class=\"elementor-custom-embed\">\n\t\t\t<iframe loading=\"lazy\"\n\t\t\t\t\tsrc=\"https:\/\/maps.google.com\/maps?q=%204%20Rue%20Malher%2C%2075004%20Paris%20breakfast%20in%20america&#038;t=m&#038;z=14&#038;output=embed&#038;iwloc=near\"\n\t\t\t\t\ttitle=\" 4 Rue Malher, 75004 Paris breakfast in america\"\n\t\t\t\t\taria-label=\" 4 Rue Malher, 75004 Paris breakfast in america\"\n\t\t\t><\/iframe>\n\t\t<\/div>\n\t\t\t\t\t\t<\/div>\n\t\t\t\t<\/div>\n\t\t\t\t<\/div>","protected":false},"excerpt":{"rendered":"<p>Breakfast in America Marais Le restaurant Breakfast in America \u00a0\u00bbMarais\u00a0\u00bb est un authentique diner am\u00e9ricain situ\u00e9 dans le 4\u00e8me arrondissement de Paris (M\u00e9tro Saint-Paul). Ouvert tous les jours, il propose une large vari\u00e9t\u00e9 de plats typiquement am\u00e9ricains pour le petit-d\u00e9jeuner, le brunch, le d\u00e9jeuner et le d\u00eener. R\u00e9server Privatiser Offir LGBTQ+ FRIENDLY Reservation de groupe [&hellip;]<\/p>\n","protected":false},"author":1,"featured_media":14978,"parent":0,"menu_order":0,"comment_status":"closed","ping_status":"closed","template":"elementor_theme","meta":{"_acf_changed":false,"footnotes":""},"class_list":["post-11314","page","type-page","status-publish","has-post-thumbnail","hentry"],"acf":[],"yoast_head":"<!-- This site is optimized with the Yoast SEO plugin v27.3 - https:\/\/yoast.com\/product\/yoast-seo-wordpress\/ -->\n<title>Breakfast in America - Marais<\/title>\n<meta name=\"description\" content=\"Un restaurant diner am\u00e9ricain au c\u0153ur du Marais Paris 4\u00e8me. D\u00e9gustez de d\u00e9licieux hamburgers, pancakes et dans une atmosph\u00e8re am\u00e9ricaine.\" \/>\n<meta name=\"robots\" content=\"index, follow, max-snippet:-1, max-image-preview:large, max-video-preview:-1\" \/>\n<link rel=\"canonical\" href=\"https:\/\/breakfast-in-america.com\/en\/breakfast-in-america-marais\/\" \/>\n<meta property=\"og:locale\" content=\"en_US\" \/>\n<meta property=\"og:type\" content=\"article\" \/>\n<meta property=\"og:title\" content=\"Breakfast in America - Marais\" \/>\n<meta property=\"og:description\" content=\"Un restaurant diner am\u00e9ricain au c\u0153ur du Marais Paris 4\u00e8me. D\u00e9gustez de d\u00e9licieux hamburgers, pancakes et dans une atmosph\u00e8re am\u00e9ricaine.\" \/>\n<meta property=\"og:url\" content=\"https:\/\/breakfast-in-america.com\/en\/breakfast-in-america-marais\/\" \/>\n<meta property=\"og:site_name\" content=\"Breakfast in America\" \/>\n<meta property=\"article:modified_time\" content=\"2025-09-25T08:41:27+00:00\" \/>\n<meta property=\"og:image\" content=\"https:\/\/breakfast-in-america.com\/wp-content\/uploads\/2023\/08\/MARAIS.webp\" \/>\n\t<meta property=\"og:image:width\" content=\"2400\" \/>\n\t<meta property=\"og:image:height\" content=\"1351\" \/>\n\t<meta property=\"og:image:type\" content=\"image\/webp\" \/>\n<meta name=\"twitter:card\" content=\"summary_large_image\" \/>\n<meta name=\"twitter:label1\" content=\"Est. reading time\" \/>\n\t<meta name=\"twitter:data1\" content=\"1 minute\" \/>\n<script type=\"application\/ld+json\" class=\"yoast-schema-graph\">{\"@context\":\"https:\\\/\\\/schema.org\",\"@graph\":[{\"@type\":\"WebPage\",\"@id\":\"https:\\\/\\\/breakfast-in-america.com\\\/breakfast-in-america-marais\\\/\",\"url\":\"https:\\\/\\\/breakfast-in-america.com\\\/breakfast-in-america-marais\\\/\",\"name\":\"Breakfast in America - Marais\",\"isPartOf\":{\"@id\":\"https:\\\/\\\/breakfast-in-america.com\\\/#website\"},\"primaryImageOfPage\":{\"@id\":\"https:\\\/\\\/breakfast-in-america.com\\\/breakfast-in-america-marais\\\/#primaryimage\"},\"image\":{\"@id\":\"https:\\\/\\\/breakfast-in-america.com\\\/breakfast-in-america-marais\\\/#primaryimage\"},\"thumbnailUrl\":\"https:\\\/\\\/breakfast-in-america.com\\\/wp-content\\\/uploads\\\/2023\\\/08\\\/MARAIS.webp\",\"datePublished\":\"2023-05-26T13:40:02+00:00\",\"dateModified\":\"2025-09-25T08:41:27+00:00\",\"description\":\"Un restaurant diner am\u00e9ricain au c\u0153ur du Marais Paris 4\u00e8me. D\u00e9gustez de d\u00e9licieux hamburgers, pancakes et dans une atmosph\u00e8re am\u00e9ricaine.\",\"breadcrumb\":{\"@id\":\"https:\\\/\\\/breakfast-in-america.com\\\/breakfast-in-america-marais\\\/#breadcrumb\"},\"inLanguage\":\"en-US\",\"potentialAction\":[{\"@type\":\"ReadAction\",\"target\":[\"https:\\\/\\\/breakfast-in-america.com\\\/breakfast-in-america-marais\\\/\"]}]},{\"@type\":\"ImageObject\",\"inLanguage\":\"en-US\",\"@id\":\"https:\\\/\\\/breakfast-in-america.com\\\/breakfast-in-america-marais\\\/#primaryimage\",\"url\":\"https:\\\/\\\/breakfast-in-america.com\\\/wp-content\\\/uploads\\\/2023\\\/08\\\/MARAIS.webp\",\"contentUrl\":\"https:\\\/\\\/breakfast-in-america.com\\\/wp-content\\\/uploads\\\/2023\\\/08\\\/MARAIS.webp\",\"width\":2400,\"height\":1351},{\"@type\":\"BreadcrumbList\",\"@id\":\"https:\\\/\\\/breakfast-in-america.com\\\/breakfast-in-america-marais\\\/#breadcrumb\",\"itemListElement\":[{\"@type\":\"ListItem\",\"position\":1,\"name\":\"Home\",\"item\":\"https:\\\/\\\/breakfast-in-america.com\\\/fr\\\/\"},{\"@type\":\"ListItem\",\"position\":2,\"name\":\"Breakfast in America &#8211; Marais\"}]},{\"@type\":\"WebSite\",\"@id\":\"https:\\\/\\\/breakfast-in-america.com\\\/#website\",\"url\":\"https:\\\/\\\/breakfast-in-america.com\\\/\",\"name\":\"Breakfast in America\",\"description\":\"DINER AM\u00c9RICAIN AUTHENTIQUE A PARIS\",\"publisher\":{\"@id\":\"https:\\\/\\\/breakfast-in-america.com\\\/#organization\"},\"potentialAction\":[{\"@type\":\"SearchAction\",\"target\":{\"@type\":\"EntryPoint\",\"urlTemplate\":\"https:\\\/\\\/breakfast-in-america.com\\\/?s={search_term_string}\"},\"query-input\":{\"@type\":\"PropertyValueSpecification\",\"valueRequired\":true,\"valueName\":\"search_term_string\"}}],\"inLanguage\":\"en-US\"},{\"@type\":\"Organization\",\"@id\":\"https:\\\/\\\/breakfast-in-america.com\\\/#organization\",\"name\":\"Breakfast in America\",\"url\":\"https:\\\/\\\/breakfast-in-america.com\\\/\",\"logo\":{\"@type\":\"ImageObject\",\"inLanguage\":\"en-US\",\"@id\":\"https:\\\/\\\/breakfast-in-america.com\\\/#\\\/schema\\\/logo\\\/image\\\/\",\"url\":\"\",\"contentUrl\":\"\",\"caption\":\"Breakfast in America\"},\"image\":{\"@id\":\"https:\\\/\\\/breakfast-in-america.com\\\/#\\\/schema\\\/logo\\\/image\\\/\"}}]}<\/script>\n<!-- \/ Yoast SEO plugin. -->","yoast_head_json":{"title":"Breakfast in America - Marais","description":"Un restaurant diner am\u00e9ricain au c\u0153ur du Marais Paris 4\u00e8me. D\u00e9gustez de d\u00e9licieux hamburgers, pancakes et dans une atmosph\u00e8re am\u00e9ricaine.","robots":{"index":"index","follow":"follow","max-snippet":"max-snippet:-1","max-image-preview":"max-image-preview:large","max-video-preview":"max-video-preview:-1"},"canonical":"https:\/\/breakfast-in-america.com\/en\/breakfast-in-america-marais\/","og_locale":"en_US","og_type":"article","og_title":"Breakfast in America - Marais","og_description":"Un restaurant diner am\u00e9ricain au c\u0153ur du Marais Paris 4\u00e8me. D\u00e9gustez de d\u00e9licieux hamburgers, pancakes et dans une atmosph\u00e8re am\u00e9ricaine.","og_url":"https:\/\/breakfast-in-america.com\/en\/breakfast-in-america-marais\/","og_site_name":"Breakfast in America","article_modified_time":"2025-09-25T08:41:27+00:00","og_image":[{"width":2400,"height":1351,"url":"https:\/\/breakfast-in-america.com\/wp-content\/uploads\/2023\/08\/MARAIS.webp","type":"image\/webp"}],"twitter_card":"summary_large_image","twitter_misc":{"Est. reading time":"1 minute"},"schema":{"@context":"https:\/\/schema.org","@graph":[{"@type":"WebPage","@id":"https:\/\/breakfast-in-america.com\/breakfast-in-america-marais\/","url":"https:\/\/breakfast-in-america.com\/breakfast-in-america-marais\/","name":"Breakfast in America - Marais","isPartOf":{"@id":"https:\/\/breakfast-in-america.com\/#website"},"primaryImageOfPage":{"@id":"https:\/\/breakfast-in-america.com\/breakfast-in-america-marais\/#primaryimage"},"image":{"@id":"https:\/\/breakfast-in-america.com\/breakfast-in-america-marais\/#primaryimage"},"thumbnailUrl":"https:\/\/breakfast-in-america.com\/wp-content\/uploads\/2023\/08\/MARAIS.webp","datePublished":"2023-05-26T13:40:02+00:00","dateModified":"2025-09-25T08:41:27+00:00","description":"Un restaurant diner am\u00e9ricain au c\u0153ur du Marais Paris 4\u00e8me. D\u00e9gustez de d\u00e9licieux hamburgers, pancakes et dans une atmosph\u00e8re am\u00e9ricaine.","breadcrumb":{"@id":"https:\/\/breakfast-in-america.com\/breakfast-in-america-marais\/#breadcrumb"},"inLanguage":"en-US","potentialAction":[{"@type":"ReadAction","target":["https:\/\/breakfast-in-america.com\/breakfast-in-america-marais\/"]}]},{"@type":"ImageObject","inLanguage":"en-US","@id":"https:\/\/breakfast-in-america.com\/breakfast-in-america-marais\/#primaryimage","url":"https:\/\/breakfast-in-america.com\/wp-content\/uploads\/2023\/08\/MARAIS.webp","contentUrl":"https:\/\/breakfast-in-america.com\/wp-content\/uploads\/2023\/08\/MARAIS.webp","width":2400,"height":1351},{"@type":"BreadcrumbList","@id":"https:\/\/breakfast-in-america.com\/breakfast-in-america-marais\/#breadcrumb","itemListElement":[{"@type":"ListItem","position":1,"name":"Home","item":"https:\/\/breakfast-in-america.com\/fr\/"},{"@type":"ListItem","position":2,"name":"Breakfast in America &#8211; Marais"}]},{"@type":"WebSite","@id":"https:\/\/breakfast-in-america.com\/#website","url":"https:\/\/breakfast-in-america.com\/","name":"Breakfast in America","description":"DINER AM\u00c9RICAIN AUTHENTIQUE A PARIS","publisher":{"@id":"https:\/\/breakfast-in-america.com\/#organization"},"potentialAction":[{"@type":"SearchAction","target":{"@type":"EntryPoint","urlTemplate":"https:\/\/breakfast-in-america.com\/?s={search_term_string}"},"query-input":{"@type":"PropertyValueSpecification","valueRequired":true,"valueName":"search_term_string"}}],"inLanguage":"en-US"},{"@type":"Organization","@id":"https:\/\/breakfast-in-america.com\/#organization","name":"Breakfast in America","url":"https:\/\/breakfast-in-america.com\/","logo":{"@type":"ImageObject","inLanguage":"en-US","@id":"https:\/\/breakfast-in-america.com\/#\/schema\/logo\/image\/","url":"","contentUrl":"","caption":"Breakfast in America"},"image":{"@id":"https:\/\/breakfast-in-america.com\/#\/schema\/logo\/image\/"}}]}},"_links":{"self":[{"href":"https:\/\/breakfast-in-america.com\/en\/wp-json\/wp\/v2\/pages\/11314","targetHints":{"allow":["GET"]}}],"collection":[{"href":"https:\/\/breakfast-in-america.com\/en\/wp-json\/wp\/v2\/pages"}],"about":[{"href":"https:\/\/breakfast-in-america.com\/en\/wp-json\/wp\/v2\/types\/page"}],"author":[{"embeddable":true,"href":"https:\/\/breakfast-in-america.com\/en\/wp-json\/wp\/v2\/users\/1"}],"replies":[{"embeddable":true,"href":"https:\/\/breakfast-in-america.com\/en\/wp-json\/wp\/v2\/comments?post=11314"}],"version-history":[{"count":153,"href":"https:\/\/breakfast-in-america.com\/en\/wp-json\/wp\/v2\/pages\/11314\/revisions"}],"predecessor-version":[{"id":20693,"href":"https:\/\/breakfast-in-america.com\/en\/wp-json\/wp\/v2\/pages\/11314\/revisions\/20693"}],"wp:featuredmedia":[{"embeddable":true,"href":"https:\/\/breakfast-in-america.com\/en\/wp-json\/wp\/v2\/media\/14978"}],"wp:attachment":[{"href":"https:\/\/breakfast-in-america.com\/en\/wp-json\/wp\/v2\/media?parent=11314"}],"curies":[{"name":"wp","href":"https:\/\/api.w.org\/{rel}","templated":true}]}}